{"id":12314,"date":"2023-02-14T15:54:04","date_gmt":"2023-02-14T14:54:04","guid":{"rendered":"https:\/\/ip.gruppoapi.com\/?page_id=12314"},"modified":"2023-02-15T10:54:02","modified_gmt":"2023-02-15T09:54:02","slug":"accessibility","status":"publish","type":"page","link":"https:\/\/ip.gruppoapi.com\/en\/accessibility\/","title":{"rendered":"Accessibility"},"content":{"rendered":"\t\t<div data-elementor-type=\"wp-page\" data-elementor-id=\"12314\" class=\"elementor elementor-12314\" data-elementor-post-type=\"page\">\n\t\t\t\t\t\t<section class=\"elementor-section elementor-top-section elementor-element elementor-element-629ece5 elementor-section-boxed ang-section-padding-initial elementor-section-height-default elementor-section-height-default elementor-repeater-item-none elementor-repeater-item-none_hover\" data-id=\"629ece5\" data-element_type=\"section\" data-e-type=\"section\">\n\t\t\t\t\t\t<div class=\"elementor-container elementor-column-gap-default\">\n\t\t\t\t\t<div class=\"elementor-column elementor-col-100 elementor-top-column elementor-element elementor-element-fbe4a13 elementor-repeater-item-none elementor-repeater-item-none_hover\" data-id=\"fbe4a13\" data-element_type=\"column\" data-e-type=\"column\">\n\t\t\t<div class=\"elementor-widget-wrap elementor-element-populated\">\n\t\t\t\t\t\t<div class=\"elementor-element elementor-element-a0dc01b elementor-repeater-item-none elementor-repeater-item-none_hover elementor-widget elementor-widget-titolo-e-testo\" data-id=\"a0dc01b\" data-element_type=\"widget\" data-e-type=\"widget\" data-widget_type=\"titolo-e-testo.default\">\n\t\t\t\t<div class=\"elementor-widget-container\">\n\t\t\t\t\t<div class='titolo-e-testo'><H2 class='tet-titolo custom-heading-default' style=''>Accessibilit\u00e0 sito ip.gruppoapi.com\u200b<\/H2><div class='tet-testo' style=''><p>lorem ipsum<\/p><\/div><\/div>\t\t\t\t<\/div>\n\t\t\t\t<\/div>\n\t\t\t\t\t<\/div>\n\t\t<\/div>\n\t\t\t\t\t<\/div>\n\t\t<\/section>\n\t\t\t\t<section class=\"elementor-section elementor-top-section elementor-element elementor-element-be6c527 elementor-section-boxed ang-section-padding-initial elementor-section-height-default elementor-section-height-default elementor-repeater-item-none elementor-repeater-item-none_hover\" data-id=\"be6c527\" data-element_type=\"section\" data-e-type=\"section\">\n\t\t\t\t\t\t<div class=\"elementor-container elementor-column-gap-default\">\n\t\t\t\t\t<div class=\"elementor-column elementor-col-100 elementor-top-column elementor-element elementor-element-27e42b3 elementor-repeater-item-none elementor-repeater-item-none_hover\" data-id=\"27e42b3\" data-element_type=\"column\" data-e-type=\"column\">\n\t\t\t<div class=\"elementor-widget-wrap elementor-element-populated\">\n\t\t\t\t\t\t<div class=\"elementor-element elementor-element-a78e548 elementor-repeater-item-none elementor-repeater-item-none_hover elementor-widget elementor-widget-distanziatore\" data-id=\"a78e548\" data-element_type=\"widget\" data-e-type=\"widget\" data-widget_type=\"distanziatore.default\">\n\t\t\t\t<div class=\"elementor-widget-container\">\n\t\t\t\t\t\t\t<div class=\"distanziatore-spacer\">\n\t\t\t<div class=\"distanziatore-spacer-inner margin-piccolo\"><\/div>\n\t\t<\/div>\n\t\t\t\t\t\t<\/div>\n\t\t\t\t<\/div>\n\t\t\t\t\t<\/div>\n\t\t<\/div>\n\t\t\t\t\t<\/div>\n\t\t<\/section>\n\t\t\t\t<section class=\"elementor-section elementor-top-section elementor-element elementor-element-5c99ac3 elementor-section-boxed ang-section-padding-initial elementor-section-height-default elementor-section-height-default elementor-repeater-item-none elementor-repeater-item-none_hover\" data-id=\"5c99ac3\" data-element_type=\"section\" data-e-type=\"section\">\n\t\t\t\t\t\t<div class=\"elementor-container elementor-column-gap-default\">\n\t\t\t\t\t<div class=\"elementor-column elementor-col-50 elementor-top-column elementor-element elementor-element-ff9c346 elementor-repeater-item-none elementor-repeater-item-none_hover\" data-id=\"ff9c346\" data-element_type=\"column\" data-e-type=\"column\">\n\t\t\t<div class=\"elementor-widget-wrap elementor-element-populated\">\n\t\t\t\t\t\t<div class=\"elementor-element elementor-element-a9f2530 elementor-repeater-item-none elementor-repeater-item-none_hover elementor-widget elementor-widget-documenti-link\" data-id=\"a9f2530\" data-element_type=\"widget\" data-e-type=\"widget\" data-widget_type=\"documenti-link.default\">\n\t\t\t\t<div class=\"elementor-widget-container\">\n\t\t\t\t\t<div class=\"documenti-link-container\"><h3 class=\"documenti-link-title\" style=\"\">Dichiarazione di accessibilit\u00e0<\/h3><ul class=\"wrapper-documenti-link-item\"><li class=\"documenti-link-item\"><div class=\"documenti-link-item-title\">Titolo #1<\/div><a class=\"documenti-link-icon\" href=\"\" target=\"_blank\" rel=\"nofollow\">\n\t\t\t\t<svg xmlns=\"http:\/\/www.w3.org\/2000\/svg\" width=\"22.543\" height=\"21.058\" viewBox=\"0 0 22.543 21.058\">\n  <g id=\"Raggruppa_8629\" data-name=\"Raggruppa 8629\" transform=\"translate(-1462.511 -5717.362)\">\n    <g id=\"Raggruppa_363\" data-name=\"Raggruppa 363\" transform=\"translate(1468.747 5720.319)\">\n      <g id=\"Raggruppa_350\" data-name=\"Raggruppa 350\" transform=\"translate(10.444 -2.957) rotate(90)\">\n        <line id=\"Linea_68\" data-name=\"Linea 68\" x2=\"10.905\" transform=\"translate(0 4.946)\" fill=\"none\" stroke=\"#000\" stroke-width=\"2\"\/>\n        <path id=\"Tracciato_111\" data-name=\"Tracciato 111\" d=\"M21933.887-2268.5l4.652,4.918-4.652,4.918\" transform=\"translate(-21927.559 2268.501)\" fill=\"none\" stroke=\"#000\" stroke-width=\"2\"\/>\n      <\/g>\n    <\/g>\n    <path id=\"Tracciato_5750\" data-name=\"Tracciato 5750\" d=\"M3536.511-6145.859v8.474h20.543v-8.474\" transform=\"translate(-2073 11874.804)\" fill=\"none\" stroke=\"#000\" stroke-width=\"2\"\/>\n  <\/g>\n<\/svg>\n\t\t\t\t<\/a><\/li><\/ul><\/div>\t\t\t\t<\/div>\n\t\t\t\t<\/div>\n\t\t\t\t\t<\/div>\n\t\t<\/div>\n\t\t\t\t<div class=\"elementor-column elementor-col-50 elementor-top-column elementor-element elementor-element-9ed27d0 elementor-repeater-item-none elementor-repeater-item-none_hover\" data-id=\"9ed27d0\" data-element_type=\"column\" data-e-type=\"column\">\n\t\t\t<div class=\"elementor-widget-wrap\">\n\t\t\t\t\t\t\t<\/div>\n\t\t<\/div>\n\t\t\t\t\t<\/div>\n\t\t<\/section>\n\t\t\t\t<section class=\"elementor-section elementor-top-section elementor-element elementor-element-ab2a902 elementor-section-boxed ang-section-padding-initial elementor-section-height-default elementor-section-height-default elementor-repeater-item-none elementor-repeater-item-none_hover\" data-id=\"ab2a902\" data-element_type=\"section\" data-e-type=\"section\">\n\t\t\t\t\t\t<div class=\"elementor-container elementor-column-gap-default\">\n\t\t\t\t\t<div class=\"elementor-column elementor-col-100 elementor-top-column elementor-element elementor-element-49a18f2 elementor-repeater-item-none elementor-repeater-item-none_hover\" data-id=\"49a18f2\" data-element_type=\"column\" data-e-type=\"column\">\n\t\t\t<div class=\"elementor-widget-wrap elementor-element-populated\">\n\t\t\t\t\t\t<div class=\"elementor-element elementor-element-03c9c38 elementor-repeater-item-none elementor-repeater-item-none_hover elementor-widget elementor-widget-distanziatore\" data-id=\"03c9c38\" data-element_type=\"widget\" data-e-type=\"widget\" data-widget_type=\"distanziatore.default\">\n\t\t\t\t<div class=\"elementor-widget-container\">\n\t\t\t\t\t\t\t<div class=\"distanziatore-spacer\">\n\t\t\t<div class=\"distanziatore-spacer-inner margin-piccolo\"><\/div>\n\t\t<\/div>\n\t\t\t\t\t\t<\/div>\n\t\t\t\t<\/div>\n\t\t\t\t\t<\/div>\n\t\t<\/div>\n\t\t\t\t\t<\/div>\n\t\t<\/section>\n\t\t\t\t<section class=\"elementor-section elementor-top-section elementor-element elementor-element-2a7aa69 elementor-section-boxed ang-section-padding-initial elementor-section-height-default elementor-section-height-default elementor-repeater-item-none elementor-repeater-item-none_hover\" data-id=\"2a7aa69\" data-element_type=\"section\" data-e-type=\"section\">\n\t\t\t\t\t\t<div class=\"elementor-container elementor-column-gap-default\">\n\t\t\t\t\t<div class=\"elementor-column elementor-col-100 elementor-top-column elementor-element elementor-element-07cb3d3 elementor-repeater-item-none elementor-repeater-item-none_hover\" data-id=\"07cb3d3\" data-element_type=\"column\" data-e-type=\"column\">\n\t\t\t<div class=\"elementor-widget-wrap elementor-element-populated\">\n\t\t\t\t\t\t<div class=\"elementor-element elementor-element-d155158 elementor-repeater-item-none elementor-repeater-item-none_hover elementor-widget elementor-widget-titolo-e-testo\" data-id=\"d155158\" data-element_type=\"widget\" data-e-type=\"widget\" data-widget_type=\"titolo-e-testo.default\">\n\t\t\t\t<div class=\"elementor-widget-container\">\n\t\t\t\t\t<div class='titolo-e-testo'><H2 class='tet-titolo custom-heading-default' style=''>Accessibilit\u00e0 app Stazioni IP<\/H2><div class='tet-testo' style=''><p>lorem ipsum<\/p><\/div><\/div>\t\t\t\t<\/div>\n\t\t\t\t<\/div>\n\t\t\t\t\t<\/div>\n\t\t<\/div>\n\t\t\t\t\t<\/div>\n\t\t<\/section>\n\t\t\t\t<section class=\"elementor-section elementor-top-section elementor-element elementor-element-c3a8ad0 elementor-section-boxed ang-section-padding-initial elementor-section-height-default elementor-section-height-default elementor-repeater-item-none elementor-repeater-item-none_hover\" data-id=\"c3a8ad0\" data-element_type=\"section\" data-e-type=\"section\">\n\t\t\t\t\t\t<div class=\"elementor-container elementor-column-gap-default\">\n\t\t\t\t\t<div class=\"elementor-column elementor-col-100 elementor-top-column elementor-element elementor-element-e242ec3 elementor-repeater-item-none elementor-repeater-item-none_hover\" data-id=\"e242ec3\" data-element_type=\"column\" data-e-type=\"column\">\n\t\t\t<div class=\"elementor-widget-wrap elementor-element-populated\">\n\t\t\t\t\t\t<div class=\"elementor-element elementor-element-c8394cf elementor-repeater-item-none elementor-repeater-item-none_hover elementor-widget elementor-widget-distanziatore\" data-id=\"c8394cf\" data-element_type=\"widget\" data-e-type=\"widget\" data-widget_type=\"distanziatore.default\">\n\t\t\t\t<div class=\"elementor-widget-container\">\n\t\t\t\t\t\t\t<div class=\"distanziatore-spacer\">\n\t\t\t<div class=\"distanziatore-spacer-inner margin-piccolo\"><\/div>\n\t\t<\/div>\n\t\t\t\t\t\t<\/div>\n\t\t\t\t<\/div>\n\t\t\t\t\t<\/div>\n\t\t<\/div>\n\t\t\t\t\t<\/div>\n\t\t<\/section>\n\t\t\t\t<section class=\"elementor-section elementor-top-section elementor-element elementor-element-7a97aca elementor-section-boxed ang-section-padding-initial elementor-section-height-default elementor-section-height-default elementor-repeater-item-none elementor-repeater-item-none_hover\" data-id=\"7a97aca\" data-element_type=\"section\" data-e-type=\"section\">\n\t\t\t\t\t\t<div class=\"elementor-container elementor-column-gap-default\">\n\t\t\t\t\t<div class=\"elementor-column elementor-col-50 elementor-top-column elementor-element elementor-element-9a6ecd0 elementor-repeater-item-none elementor-repeater-item-none_hover\" data-id=\"9a6ecd0\" data-element_type=\"column\" data-e-type=\"column\">\n\t\t\t<div class=\"elementor-widget-wrap elementor-element-populated\">\n\t\t\t\t\t\t<div class=\"elementor-element elementor-element-8675088 elementor-repeater-item-none elementor-repeater-item-none_hover elementor-widget elementor-widget-documenti-link\" data-id=\"8675088\" data-element_type=\"widget\" data-e-type=\"widget\" data-widget_type=\"documenti-link.default\">\n\t\t\t\t<div class=\"elementor-widget-container\">\n\t\t\t\t\t<div class=\"documenti-link-container\"><h3 class=\"documenti-link-title\" style=\"\">Dichiarazione di accessibilit\u00e0 iOS<\/h3><ul class=\"wrapper-documenti-link-item\"><li class=\"documenti-link-item\"><div class=\"documenti-link-item-title\">Titolo #1<\/div><a class=\"documenti-link-icon\" href=\"\" target=\"_blank\" rel=\"nofollow\">\n\t\t\t\t<svg xmlns=\"http:\/\/www.w3.org\/2000\/svg\" width=\"22.543\" height=\"21.058\" viewBox=\"0 0 22.543 21.058\">\n  <g id=\"Raggruppa_8629\" data-name=\"Raggruppa 8629\" transform=\"translate(-1462.511 -5717.362)\">\n    <g id=\"Raggruppa_363\" data-name=\"Raggruppa 363\" transform=\"translate(1468.747 5720.319)\">\n      <g id=\"Raggruppa_350\" data-name=\"Raggruppa 350\" transform=\"translate(10.444 -2.957) rotate(90)\">\n        <line id=\"Linea_68\" data-name=\"Linea 68\" x2=\"10.905\" transform=\"translate(0 4.946)\" fill=\"none\" stroke=\"#000\" stroke-width=\"2\"\/>\n        <path id=\"Tracciato_111\" data-name=\"Tracciato 111\" d=\"M21933.887-2268.5l4.652,4.918-4.652,4.918\" transform=\"translate(-21927.559 2268.501)\" fill=\"none\" stroke=\"#000\" stroke-width=\"2\"\/>\n      <\/g>\n    <\/g>\n    <path id=\"Tracciato_5750\" data-name=\"Tracciato 5750\" d=\"M3536.511-6145.859v8.474h20.543v-8.474\" transform=\"translate(-2073 11874.804)\" fill=\"none\" stroke=\"#000\" stroke-width=\"2\"\/>\n  <\/g>\n<\/svg>\n\t\t\t\t<\/a><\/li><\/ul><\/div>\t\t\t\t<\/div>\n\t\t\t\t<\/div>\n\t\t\t\t\t<\/div>\n\t\t<\/div>\n\t\t\t\t<div class=\"elementor-column elementor-col-50 elementor-top-column elementor-element elementor-element-cff6eee elementor-repeater-item-none elementor-repeater-item-none_hover\" data-id=\"cff6eee\" data-element_type=\"column\" data-e-type=\"column\">\n\t\t\t<div class=\"elementor-widget-wrap elementor-element-populated\">\n\t\t\t\t\t\t<div class=\"elementor-element elementor-element-3890543 elementor-repeater-item-none elementor-repeater-item-none_hover elementor-widget elementor-widget-documenti-link\" data-id=\"3890543\" data-element_type=\"widget\" data-e-type=\"widget\" data-widget_type=\"documenti-link.default\">\n\t\t\t\t<div class=\"elementor-widget-container\">\n\t\t\t\t\t<div class=\"documenti-link-container\"><h3 class=\"documenti-link-title\" style=\"\">Dichiarazione di accessibilit\u00e0 Android<\/h3><ul class=\"wrapper-documenti-link-item\"><li class=\"documenti-link-item\"><div class=\"documenti-link-item-title\">Titolo #1<\/div><a class=\"documenti-link-icon\" href=\"\" target=\"_blank\" rel=\"nofollow\">\n\t\t\t\t<svg xmlns=\"http:\/\/www.w3.org\/2000\/svg\" width=\"22.543\" height=\"21.058\" viewBox=\"0 0 22.543 21.058\">\n  <g id=\"Raggruppa_8629\" data-name=\"Raggruppa 8629\" transform=\"translate(-1462.511 -5717.362)\">\n    <g id=\"Raggruppa_363\" data-name=\"Raggruppa 363\" transform=\"translate(1468.747 5720.319)\">\n      <g id=\"Raggruppa_350\" data-name=\"Raggruppa 350\" transform=\"translate(10.444 -2.957) rotate(90)\">\n        <line id=\"Linea_68\" data-name=\"Linea 68\" x2=\"10.905\" transform=\"translate(0 4.946)\" fill=\"none\" stroke=\"#000\" stroke-width=\"2\"\/>\n        <path id=\"Tracciato_111\" data-name=\"Tracciato 111\" d=\"M21933.887-2268.5l4.652,4.918-4.652,4.918\" transform=\"translate(-21927.559 2268.501)\" fill=\"none\" stroke=\"#000\" stroke-width=\"2\"\/>\n      <\/g>\n    <\/g>\n    <path id=\"Tracciato_5750\" data-name=\"Tracciato 5750\" d=\"M3536.511-6145.859v8.474h20.543v-8.474\" transform=\"translate(-2073 11874.804)\" fill=\"none\" stroke=\"#000\" stroke-width=\"2\"\/>\n  <\/g>\n<\/svg>\n\t\t\t\t<\/a><\/li><\/ul><\/div>\t\t\t\t<\/div>\n\t\t\t\t<\/div>\n\t\t\t\t\t<\/div>\n\t\t<\/div>\n\t\t\t\t\t<\/div>\n\t\t<\/section>\n\t\t\t\t<\/div>\n\t\t","protected":false},"excerpt":{"rendered":"<p>Accessibilit\u00e0 sito ip.gruppoapi.com\u200b lorem ipsum Dichiarazione di accessibilit\u00e0 Titolo #1 Accessibilit\u00e0 app Stazioni IP lorem ipsum Dichiarazione di accessibilit\u00e0 iOS Titolo #1 Dichiarazione di accessibilit\u00e0 Android Titolo #1<\/p>\n","protected":false},"author":5,"featured_media":0,"parent":0,"menu_order":0,"comment_status":"closed","ping_status":"closed","template":"","meta":{"_acf_changed":false,"site-sidebar-layout":"no-sidebar","site-content-layout":"page-builder","ast-site-content-layout":"default","site-content-style":"default","site-sidebar-style":"default","ast-global-header-display":"","ast-banner-title-visibility":"","ast-main-header-display":"","ast-hfb-above-header-display":"","ast-hfb-below-header-display":"","ast-hfb-mobile-header-display":"","site-post-title":"disabled","ast-breadcrumbs-content":"","ast-featured-img":"disabled","footer-sml-layout":"","ast-disable-related-posts":"","theme-transparent-header-meta":"","adv-header-id-meta":"","stick-header-meta":"","header-above-stick-meta":"","header-main-stick-meta":"","header-below-stick-meta":"","astra-migrate-meta-layouts":"default","ast-page-background-enabled":"default","ast-page-background-meta":{"desktop":{"background-color":"var(--ast-global-color-4)","background-image":"","background-repeat":"repeat","background-position":"center center","background-size":"auto","background-attachment":"scroll","background-type":"","background-media":"","overlay-type":"","overlay-color":"","overlay-opacity":"","overlay-gradient":""},"tablet":{"background-color":"","background-image":"","background-repeat":"repeat","background-position":"center center","background-size":"auto","background-attachment":"scroll","background-type":"","background-media":"","overlay-type":"","overlay-color":"","overlay-opacity":"","overlay-gradient":""},"mobile":{"background-color":"","background-image":"","background-repeat":"repeat","background-position":"center center","background-size":"auto","background-attachment":"scroll","background-type":"","background-media":"","overlay-type":"","overlay-color":"","overlay-opacity":"","overlay-gradient":""}},"ast-content-background-meta":{"desktop":{"background-color":"var(--ast-global-color-5)","background-image":"","background-repeat":"repeat","background-position":"center center","background-size":"auto","background-attachment":"scroll","background-type":"","background-media":"","overlay-type":"","overlay-color":"","overlay-opacity":"","overlay-gradient":""},"tablet":{"background-color":"var(--ast-global-color-5)","background-image":"","background-repeat":"repeat","background-position":"center center","background-size":"auto","background-attachment":"scroll","background-type":"","background-media":"","overlay-type":"","overlay-color":"","overlay-opacity":"","overlay-gradient":""},"mobile":{"background-color":"var(--ast-global-color-5)","background-image":"","background-repeat":"repeat","background-position":"center center","background-size":"auto","background-attachment":"scroll","background-type":"","background-media":"","overlay-type":"","overlay-color":"","overlay-opacity":"","overlay-gradient":""}},"footnotes":""},"class_list":["post-12314","page","type-page","status-publish","hentry"],"acf":[],"yoast_head":"<!-- This site is optimized with the Yoast SEO plugin v27.0 - https:\/\/yoast.com\/product\/yoast-seo-wordpress\/ -->\n<title>Accessibility - IP Gruppo api<\/title>\n<meta name=\"description\" content=\"IP Gruppo api - Accessibility - We make our site accessible in accordance with Legislative Decree 10 August 2018, n. 106\" \/>\n<meta name=\"robots\" content=\"index, follow, max-snippet:-1, max-image-preview:large, max-video-preview:-1\" \/>\n<link rel=\"canonical\" href=\"https:\/\/ip.gruppoapi.com\/en\/accessibility\/\" \/>\n<meta property=\"og:locale\" content=\"en_US\" \/>\n<meta property=\"og:type\" content=\"article\" \/>\n<meta property=\"og:title\" content=\"Accessibility - IP Gruppo api\" \/>\n<meta property=\"og:description\" content=\"IP Gruppo api - Accessibility - We make our site accessible in accordance with Legislative Decree 10 August 2018, n. 106\" \/>\n<meta property=\"og:url\" content=\"https:\/\/ip.gruppoapi.com\/en\/accessibility\/\" \/>\n<meta property=\"og:site_name\" content=\"IP Gruppo api\" \/>\n<meta property=\"article:publisher\" content=\"https:\/\/www.facebook.com\/IPperlitalia\" \/>\n<meta property=\"article:modified_time\" content=\"2023-02-15T09:54:02+00:00\" \/>\n<meta property=\"og:image\" content=\"https:\/\/ip.gruppoapi.com\/wp-content\/uploads\/2022\/12\/Particolare_Logo_IP-scaled.jpg\" \/>\n\t<meta property=\"og:image:width\" content=\"2560\" \/>\n\t<meta property=\"og:image:height\" content=\"1709\" \/>\n\t<meta property=\"og:image:type\" content=\"image\/jpeg\" \/>\n<meta name=\"twitter:card\" content=\"summary_large_image\" \/>\n<meta name=\"twitter:site\" content=\"@gruppoapi\" \/>\n<meta name=\"twitter:label1\" content=\"Est. reading time\" \/>\n\t<meta name=\"twitter:data1\" content=\"1 minute\" \/>\n<script type=\"application\/ld+json\" class=\"yoast-schema-graph\">{\"@context\":\"https:\/\/schema.org\",\"@graph\":[{\"@type\":\"WebPage\",\"@id\":\"https:\/\/ip.gruppoapi.com\/en\/accessibility\/\",\"url\":\"https:\/\/ip.gruppoapi.com\/en\/accessibility\/\",\"name\":\"Accessibility - IP Gruppo api\",\"isPartOf\":{\"@id\":\"https:\/\/ip.gruppoapi.com\/en\/#website\"},\"datePublished\":\"2023-02-14T14:54:04+00:00\",\"dateModified\":\"2023-02-15T09:54:02+00:00\",\"description\":\"IP Gruppo api - Accessibility - We make our site accessible in accordance with Legislative Decree 10 August 2018, n. 106\",\"breadcrumb\":{\"@id\":\"https:\/\/ip.gruppoapi.com\/en\/accessibility\/#breadcrumb\"},\"inLanguage\":\"en-US\",\"potentialAction\":[{\"@type\":\"ReadAction\",\"target\":[\"https:\/\/ip.gruppoapi.com\/en\/accessibility\/\"]}]},{\"@type\":\"BreadcrumbList\",\"@id\":\"https:\/\/ip.gruppoapi.com\/en\/accessibility\/#breadcrumb\",\"itemListElement\":[{\"@type\":\"ListItem\",\"position\":1,\"name\":\"Home\",\"item\":\"https:\/\/ip.gruppoapi.com\/en\/\"},{\"@type\":\"ListItem\",\"position\":2,\"name\":\"Accessibility\"}]},{\"@type\":\"WebSite\",\"@id\":\"https:\/\/ip.gruppoapi.com\/en\/#website\",\"url\":\"https:\/\/ip.gruppoapi.com\/en\/\",\"name\":\"IP Gruppo api\",\"description\":\"IP Gruppo api, un partner per la mobilit\u00e0 di tutti gli italiani\",\"publisher\":{\"@id\":\"https:\/\/ip.gruppoapi.com\/en\/#organization\"},\"potentialAction\":[{\"@type\":\"SearchAction\",\"target\":{\"@type\":\"EntryPoint\",\"urlTemplate\":\"https:\/\/ip.gruppoapi.com\/en\/?s={search_term_string}\"},\"query-input\":{\"@type\":\"PropertyValueSpecification\",\"valueRequired\":true,\"valueName\":\"search_term_string\"}}],\"inLanguage\":\"en-US\"},{\"@type\":\"Organization\",\"@id\":\"https:\/\/ip.gruppoapi.com\/en\/#organization\",\"name\":\"Gruppo api IP\",\"url\":\"https:\/\/ip.gruppoapi.com\/en\/\",\"logo\":{\"@type\":\"ImageObject\",\"inLanguage\":\"en-US\",\"@id\":\"https:\/\/ip.gruppoapi.com\/en\/#\/schema\/logo\/image\/\",\"url\":\"https:\/\/ip.gruppoapi.com\/wp-content\/uploads\/2022\/12\/logo-gruppo-api-ip-black@2x.png\",\"contentUrl\":\"https:\/\/ip.gruppoapi.com\/wp-content\/uploads\/2022\/12\/logo-gruppo-api-ip-black@2x.png\",\"width\":394,\"height\":114,\"caption\":\"Gruppo api IP\"},\"image\":{\"@id\":\"https:\/\/ip.gruppoapi.com\/en\/#\/schema\/logo\/image\/\"},\"sameAs\":[\"https:\/\/www.facebook.com\/IPperlitalia\",\"https:\/\/x.com\/gruppoapi\",\"https:\/\/www.youtube.com\/channel\/UCqUQvZiwu6-qRd8QQihmhFQ\",\"https:\/\/www.linkedin.com\/company\/gruppoapi\",\"https:\/\/www.instagram.com\/ip_gruppoapi\"]}]}<\/script>\n<!-- \/ Yoast SEO plugin. -->","yoast_head_json":{"title":"Accessibility - IP Gruppo api","description":"IP Gruppo api - Accessibility - We make our site accessible in accordance with Legislative Decree 10 August 2018, n. 106","robots":{"index":"index","follow":"follow","max-snippet":"max-snippet:-1","max-image-preview":"max-image-preview:large","max-video-preview":"max-video-preview:-1"},"canonical":"https:\/\/ip.gruppoapi.com\/en\/accessibility\/","og_locale":"en_US","og_type":"article","og_title":"Accessibility - IP Gruppo api","og_description":"IP Gruppo api - Accessibility - We make our site accessible in accordance with Legislative Decree 10 August 2018, n. 106","og_url":"https:\/\/ip.gruppoapi.com\/en\/accessibility\/","og_site_name":"IP Gruppo api","article_publisher":"https:\/\/www.facebook.com\/IPperlitalia","article_modified_time":"2023-02-15T09:54:02+00:00","og_image":[{"width":2560,"height":1709,"url":"https:\/\/ip.gruppoapi.com\/wp-content\/uploads\/2022\/12\/Particolare_Logo_IP-scaled.jpg","type":"image\/jpeg"}],"twitter_card":"summary_large_image","twitter_site":"@gruppoapi","twitter_misc":{"Est. reading time":"1 minute"},"schema":{"@context":"https:\/\/schema.org","@graph":[{"@type":"WebPage","@id":"https:\/\/ip.gruppoapi.com\/en\/accessibility\/","url":"https:\/\/ip.gruppoapi.com\/en\/accessibility\/","name":"Accessibility - IP Gruppo api","isPartOf":{"@id":"https:\/\/ip.gruppoapi.com\/en\/#website"},"datePublished":"2023-02-14T14:54:04+00:00","dateModified":"2023-02-15T09:54:02+00:00","description":"IP Gruppo api - Accessibility - We make our site accessible in accordance with Legislative Decree 10 August 2018, n. 106","breadcrumb":{"@id":"https:\/\/ip.gruppoapi.com\/en\/accessibility\/#breadcrumb"},"inLanguage":"en-US","potentialAction":[{"@type":"ReadAction","target":["https:\/\/ip.gruppoapi.com\/en\/accessibility\/"]}]},{"@type":"BreadcrumbList","@id":"https:\/\/ip.gruppoapi.com\/en\/accessibility\/#breadcrumb","itemListElement":[{"@type":"ListItem","position":1,"name":"Home","item":"https:\/\/ip.gruppoapi.com\/en\/"},{"@type":"ListItem","position":2,"name":"Accessibility"}]},{"@type":"WebSite","@id":"https:\/\/ip.gruppoapi.com\/en\/#website","url":"https:\/\/ip.gruppoapi.com\/en\/","name":"IP Gruppo api","description":"IP Gruppo api, un partner per la mobilit\u00e0 di tutti gli italiani","publisher":{"@id":"https:\/\/ip.gruppoapi.com\/en\/#organization"},"potentialAction":[{"@type":"SearchAction","target":{"@type":"EntryPoint","urlTemplate":"https:\/\/ip.gruppoapi.com\/en\/?s={search_term_string}"},"query-input":{"@type":"PropertyValueSpecification","valueRequired":true,"valueName":"search_term_string"}}],"inLanguage":"en-US"},{"@type":"Organization","@id":"https:\/\/ip.gruppoapi.com\/en\/#organization","name":"Gruppo api IP","url":"https:\/\/ip.gruppoapi.com\/en\/","logo":{"@type":"ImageObject","inLanguage":"en-US","@id":"https:\/\/ip.gruppoapi.com\/en\/#\/schema\/logo\/image\/","url":"https:\/\/ip.gruppoapi.com\/wp-content\/uploads\/2022\/12\/logo-gruppo-api-ip-black@2x.png","contentUrl":"https:\/\/ip.gruppoapi.com\/wp-content\/uploads\/2022\/12\/logo-gruppo-api-ip-black@2x.png","width":394,"height":114,"caption":"Gruppo api IP"},"image":{"@id":"https:\/\/ip.gruppoapi.com\/en\/#\/schema\/logo\/image\/"},"sameAs":["https:\/\/www.facebook.com\/IPperlitalia","https:\/\/x.com\/gruppoapi","https:\/\/www.youtube.com\/channel\/UCqUQvZiwu6-qRd8QQihmhFQ","https:\/\/www.linkedin.com\/company\/gruppoapi","https:\/\/www.instagram.com\/ip_gruppoapi"]}]}},"_links":{"self":[{"href":"https:\/\/ip.gruppoapi.com\/en\/wp-json\/wp\/v2\/pages\/12314","targetHints":{"allow":["GET"]}}],"collection":[{"href":"https:\/\/ip.gruppoapi.com\/en\/wp-json\/wp\/v2\/pages"}],"about":[{"href":"https:\/\/ip.gruppoapi.com\/en\/wp-json\/wp\/v2\/types\/page"}],"author":[{"embeddable":true,"href":"https:\/\/ip.gruppoapi.com\/en\/wp-json\/wp\/v2\/users\/5"}],"replies":[{"embeddable":true,"href":"https:\/\/ip.gruppoapi.com\/en\/wp-json\/wp\/v2\/comments?post=12314"}],"version-history":[{"count":18,"href":"https:\/\/ip.gruppoapi.com\/en\/wp-json\/wp\/v2\/pages\/12314\/revisions"}],"predecessor-version":[{"id":12521,"href":"https:\/\/ip.gruppoapi.com\/en\/wp-json\/wp\/v2\/pages\/12314\/revisions\/12521"}],"wp:attachment":[{"href":"https:\/\/ip.gruppoapi.com\/en\/wp-json\/wp\/v2\/media?parent=12314"}],"curies":[{"name":"wp","href":"https:\/\/api.w.org\/{rel}","templated":true}]}}