{"id":8453,"date":"2022-12-20T13:23:31","date_gmt":"2022-12-20T12:23:31","guid":{"rendered":"https:\/\/ip.gruppoapi.com\/maxima-privacy-policy-card\/"},"modified":"2023-02-15T11:29:37","modified_gmt":"2023-02-15T10:29:37","slug":"maxima-privacy-policy-card","status":"publish","type":"page","link":"https:\/\/ip.gruppoapi.com\/en\/maxima-privacy-policy-card\/","title":{"rendered":"Maxima Privacy Policy Card"},"content":{"rendered":"\t\t<div data-elementor-type=\"wp-page\" data-elementor-id=\"8453\" class=\"elementor elementor-8453 elementor-5343\" data-elementor-post-type=\"page\">\n\t\t\t\t\t\t<section class=\"elementor-section elementor-top-section elementor-element elementor-element-a6cc499 elementor-section-boxed ang-section-padding-initial elementor-section-height-default elementor-section-height-default elementor-repeater-item-none elementor-repeater-item-none_hover\" data-id=\"a6cc499\" data-element_type=\"section\" data-e-type=\"section\">\n\t\t\t\t\t\t<div class=\"elementor-container elementor-column-gap-default\">\n\t\t\t\t\t<div class=\"elementor-column elementor-col-100 elementor-top-column elementor-element elementor-element-d03e4ff elementor-repeater-item-none elementor-repeater-item-none_hover\" data-id=\"d03e4ff\" data-element_type=\"column\" data-e-type=\"column\">\n\t\t\t<div class=\"elementor-widget-wrap elementor-element-populated\">\n\t\t\t\t\t\t<div class=\"elementor-element elementor-element-d28e579 elementor-repeater-item-none elementor-repeater-item-none_hover elementor-widget elementor-widget-titolo-e-testo\" data-id=\"d28e579\" data-element_type=\"widget\" data-e-type=\"widget\" data-widget_type=\"titolo-e-testo.default\">\n\t\t\t\t<div class=\"elementor-widget-container\">\n\t\t\t\t\t<div class='titolo-e-testo'><div class='tet-testo' style=''><p>\u00a0Con riferimento alla vigente normativa in materia di tutela della riservatezza nel trattamento dei dati personali delle persone fisiche ed, in particolare, al Regolamento Europeo (UE) 2016\/679 (di seguito \u201cRegolamento\u201d) \u00a0, La informiamo che i dati forniti dal Titolare della CartaMaxima compilando il modulo di adesione e utilizzando la suddetta tessera, e\/o i dati altrimenti acquisiti nell\u2019ambito dell\u2019attivit\u00e0 svolta da api, verranno raccolti e trattati nel rispetto delle norme e delle misure di sicurezza informatica.<\/p><\/div><\/div>\t\t\t\t<\/div>\n\t\t\t\t<\/div>\n\t\t\t\t\t<\/div>\n\t\t<\/div>\n\t\t\t\t\t<\/div>\n\t\t<\/section>\n\t\t\t\t<section class=\"elementor-section elementor-top-section elementor-element elementor-element-6ba315a elementor-section-boxed ang-section-padding-initial elementor-section-height-default elementor-section-height-default elementor-repeater-item-none elementor-repeater-item-none_hover\" data-id=\"6ba315a\" data-element_type=\"section\" data-e-type=\"section\">\n\t\t\t\t\t\t<div class=\"elementor-container elementor-column-gap-default\">\n\t\t\t\t\t<div class=\"elementor-column elementor-col-100 elementor-top-column elementor-element elementor-element-7e783ed elementor-repeater-item-none elementor-repeater-item-none_hover\" data-id=\"7e783ed\" data-element_type=\"column\" data-e-type=\"column\">\n\t\t\t<div class=\"elementor-widget-wrap elementor-element-populated\">\n\t\t\t\t\t\t<div class=\"elementor-element elementor-element-ff11180 elementor-repeater-item-none elementor-repeater-item-none_hover elementor-widget elementor-widget-distanziatore\" data-id=\"ff11180\" data-element_type=\"widget\" data-e-type=\"widget\" data-widget_type=\"distanziatore.default\">\n\t\t\t\t<div class=\"elementor-widget-container\">\n\t\t\t\t\t\t\t<div class=\"distanziatore-spacer\">\n\t\t\t<div class=\"distanziatore-spacer-inner margin-piccolo\"><\/div>\n\t\t<\/div>\n\t\t\t\t\t\t<\/div>\n\t\t\t\t<\/div>\n\t\t\t\t\t<\/div>\n\t\t<\/div>\n\t\t\t\t\t<\/div>\n\t\t<\/section>\n\t\t\t\t<section class=\"elementor-section elementor-top-section elementor-element elementor-element-aa3b828 elementor-section-boxed ang-section-padding-initial elementor-section-height-default elementor-section-height-default elementor-repeater-item-none elementor-repeater-item-none_hover\" data-id=\"aa3b828\" data-element_type=\"section\" data-e-type=\"section\">\n\t\t\t\t\t\t<div class=\"elementor-container elementor-column-gap-default\">\n\t\t\t\t\t<div class=\"elementor-column elementor-col-100 elementor-top-column elementor-element elementor-element-eae32b2 elementor-repeater-item-none elementor-repeater-item-none_hover\" data-id=\"eae32b2\" data-element_type=\"column\" data-e-type=\"column\">\n\t\t\t<div class=\"elementor-widget-wrap elementor-element-populated\">\n\t\t\t\t\t\t<div class=\"elementor-element elementor-element-3bdf45f elementor-repeater-item-none elementor-repeater-item-none_hover elementor-widget elementor-widget-titolo-e-testo\" data-id=\"3bdf45f\" data-element_type=\"widget\" data-e-type=\"widget\" data-widget_type=\"titolo-e-testo.default\">\n\t\t\t\t<div class=\"elementor-widget-container\">\n\t\t\t\t\t<div class='titolo-e-testo'><div class='tet-testo' style=''><h4><strong>TITOLARE DEL TRATTAMENTO<\/strong><\/h4><p>In particolare, nel rispetto di quanto prescritto dagli artt. 13 e 14 del Regolamento, \u00a0con la presente La informiamo che: Titolare del trattamento dei dati \u00e8 italiana petroli S.p.A. con sede in Via Salaria, 1322 - 00138 Roma.<\/p><h4><strong>FINALITA\u2019 DEL TRATTAMENTO , NATURA OBBLIGATORIA O FACOLTATIVA DEL TRATTAMENTO, BASE LEGALE<\/strong><\/h4><p><strong>A1)<\/strong>\u00a0i dati da Lei volontariamente forniti tramite il sito\u00a0<a href=\"http:\/\/www.cartamaxima.it\/\">www.cartamaxima.it<\/a>\u00a0, il servizio clienti e\/o raccolti presso di Lei compilando il Modulo \u00a0Domanda di Adesione a CartaMaxima, sono necessari per consentire ad italiana petroli\u00a0di fornirle i servizi richiesti e\/o per riscontrare Sue specifiche richieste.<\/p><p>Il conferimento dei dati personali necessari a tale finalit\u00e0 non \u00e8 obbligatorio ma il rifiuto a fornirli comporta l\u2019impossibilit\u00e0 di eseguire quanto richiesto.<\/p><p><strong>A2)<\/strong>\u00a0Inoltre,\u00a0 al fine di assumere decisioni in ordine alla opportunit\u00e0 di accettare o meno la Sua domanda di adesione a CartaMaxima, con concessione in Suo favore della dilazione di pagamento cui detta Carta d\u00e0 diritto, \u00a0alcuni \u00a0dei Suoi dati personali \u00a0\u00a0verranno comunicati a Mediocredito Italiano S.p.A. (con sede in Via Montebello 18 - 20121 Milano) e\/o ad altri intermediari bancari \u00a0e finanziari e societ\u00e0 di informazione commerciale \u2013 Autonomi Titolari del Trattamento - \u00a0che provvederanno al trattamento per finalit\u00e0 di pagamento, e\/o di controllo dei rischi connessi al rapporto precontrattuale e contrattuale.<\/p><p>Anche il trattamento dei precitati dati non \u00e8 obbligatorio ma il rifiuto a trattarli comporta l\u2019impossibilit\u00e0 di processare e istruire la Sua Domanda di Adesione a CartaMaxima, e, una volta rilasciata,\u00a0ad eseguire quanto contrattualmente previsto.<\/p><p>La base legale dei trattamenti di cui alle lett. A1) e A2) e\u2019 l\u2019art. 6 par. 1 lett. b del Regolamento:<em>\u201cil trattamento \u00e8 necessario all\u2019esecuzione di un contratto di cui l\u2019interessato \u00e8 parte o all\u2019esecuzione di misure precontrattuali adottate su richiesta dello stesso\u201d.<\/em><\/p><p>Per il trattamento dei precitati dati personali per le finalit\u00e0 sub lett. A1) e A2) non si richiede, quindi, uno specifico consenso.\u00a0<\/p><ol><li><strong>B)<\/strong>I Suoi dati verranno trattati, altres\u00ec, senza necessit\u00e0 di consenso, per adempiere ad eventuali obblighi previsti dalle leggi vigenti, dai Regolamenti e dalla Normativa Comunitaria, o per soddisfare richieste provenienti dalle autorit\u00e0<\/li><\/ol><p>La base legale dei trattamenti di cui alla presente lett. B)\u00a0e\u2019 l\u2019art. 6 par. 1 lett. c del Regolamento\u00a0<em>(\u201cil trattamento \u00e8 necessario per adempiere un obbligo legale al quale \u00e8 soggetto il titolare del trattamento\u201d<\/em>).<\/p><p>\u00a0<\/p><p>Si precisa che se il Titolare del trattamento utilizza, ai fini di vendita diretta di propri prodotti o servizi, le coordinate di posta elettronica fornite dell\u2019interessato nel contesto della vendita di un prodotto o di un servizio, pu\u00f2 non richiedere il consenso dell\u2019interessato, sempre che si tratti di servizi analoghi a quelli oggetto della vendita e l\u2019interessato, adeguatamente informato, non rifiuti tale uso, inizialmente o in occasione di successive comunicazioni.\u00a0\u00a0<\/p><h4>\u00a0<strong>DESTINATARI DEI DATI PERSONALI<\/strong><\/h4><p>Per il perseguimento delle finalit\u00e0 di cui sopra, i dati raccolti potranno essere comunicati ai dipendenti del Titolare all\u2019uopo nominati Referenti Interni\u00a0e\/o Persone Autorizzate\u00a0 del relativo trattamento nonch\u00e9 alle seguenti categorie di soggetti:<\/p><p>-\u00a0\u00a0\u00a0\u00a0\u00a0\u00a0\u00a0\u00a0\u00a0 societ\u00e0 appartenenti al Gruppo api o comunque controllate e collegate ai sensi dell\u2019art. 2352 C.C. per il perseguimento di finalit\u00e0 amministrativo-contabili;<\/p><p>-\u00a0\u00a0\u00a0\u00a0\u00a0\u00a0\u00a0\u00a0\u00a0 persone fisiche o giuridiche che collaborino nell\u2019attivit\u00e0 commerciale di italiana petroli S.p.a.\u00a0quali, a titolo esemplificativo, agenti, procacciatori, rivenditori, intermediari bancari e finanziari, societ\u00e0 di informazione commerciale, consulenti, etc. incaricati della fornitura di servizi strumentali quali, a titolo meramente esemplificativo e non esaustivo: elaborazione dei dati, , manutenzione, customer care, recupero crediti, acquisizione\/copertura dei crediti,\u00a0 attivit\u00e0 di informazione commerciale, soggetti che Italiana Petroli S.p.a.provveder\u00e0 di volta in volta a nominare quali Responsabili esterni del trattamento e\/o Incaricati , quando non siano Autonomi Titolari.<\/p><p>In particolare, come gi\u00e0 sopra evidenziato, i Suo dati personali saranno comunicati a Mediocredito Italiano S.p.A. (con sede in Via Montebello 18 - 20121 Milano) e\/o ad altri intermediari bancari e finanziari e societ\u00e0 di informazione commerciale per finalit\u00e0 di pagamento, tutela del credito e di contenimento del relativo rischio e per finalit\u00e0 di cessione del credito .<\/p><p>Detti soggetti sono Autonomi Titolari del Trattamento.<\/p><p>\u00a0I soggetti a cui i Suoi dati possono essere comunicati, risiedono in territorio italiano. \u00a0Solo per mera finalit\u00e0 di conservazione e\/o backup, e solo per le finalit\u00e0 dichiarate nella presente informativa, i Suoi dati\u00a0potranno essere trasferiti al di fuori dell\u2019Unione Europea; in tale caso, il Titolare assicura l\u2019adozione di garanzie adeguate per il trasferimento, in conformit\u00e0 al Regolamento.<\/p><p>I dati personali non sono destinati alla diffusione.<\/p><p>L\u2019elenco aggiornato di tali soggetti nonch\u00e9 dei Referenti\u00a0 interni potr\u00e0 essere richiesto al Titolare scrivendo ai recapiti indicati nel Par. Contatti della presente Informativa. Con le stesse modalit\u00e0 potr\u00e0 richiedere qualsiasi informazione riguardo il trasferimento dei dati extra \u2013 UE.<\/p><h4>\u00a0<strong>MODALITA\u2019 DEL TRATTAMENTO<\/strong><\/h4><p>Il trattamento avverr\u00e0 attraverso strumenti informatici idonei a garantire la riservatezza e la sicurezza, anche avvalendosi del supporto di mezzi cartacei per la memorizzazione dei dati stessi.<\/p><h4>\u00a0<strong>CONSERVAZIONE DEI DATI PERSONALI<\/strong><\/h4><p>Nel rispetto delle garanzie e delle misure prescritte dal Garante:<\/p><p>\u00a0i dati raccolti e trattati per finalit\u00e0 sub lett. A1) e A2) verranno conservati per il tempo strettamente necessario a fornirLe i servizi correlati a CartaMaxima e\/o a riscontrare Sue specifiche richieste, dopo il quale saranno cancellati e\/o anonimizzati,\u00a0 salvo esenzioni e\/o obblighi di legge (es. sulla conservazione di documentazione contabile ovvero per la tutela in giudizio dei diritti di italiana petroli S.p.a.\u00a0e\/o per ordine espresso di Pubbliche Autorit\u00e0). In caso di mancato rilascio di CartaMaxima, \u00a0i dati personali \u00a0verranno conservati per un periodo di tempo non superiore a\u00a0 6 mesi dalla raccolta, per mere finalit\u00e0 di documentazione amministrativa e per finalit\u00e0 di prevenzione frodi e truffe, \u00a0decorso il quale saranno cancellati automaticamente o resi anonimi in modo permanente,\u00a0\u00a0 salvo esenzioni e\/o obblighi di legge (es. sulla conservazione di documentazione contabile ovvero per la tutela in giudizio dei diritti di italiana petroli S.p.A.\u00a0e\/o per ordine espresso di Pubbliche Autorit\u00e0).<\/p><h4><strong>ESERCIZIO DEI DIRITTI DELL\u2019INTERESSATO<\/strong><\/h4><p>\u00a0 La informiamo inoltre che, ai sensi degli artt. 15 e ss. del Regolamento, ha i seguenti diritti:<\/p><ul><li>chiedere e ottenere informazioni in merito all\u2019esistenza di suoi Dati presso Italiana Petroli S.p.a.e in merito ai trattamenti di dati personali posti in essere da italiana petroli S.p.a., nonch\u00e9 ottenere l\u2019accesso agli stessi;<\/li><li>chiedere ed ottenere la ricezione in un formato strutturato, di uso comune e leggibile da dispositivo automatico dei suoi Dati che siano trattati con mezzi automatizzati; potr\u00e0 richiedere, inoltre, il trasferimento dei dati ad altro titolare del trattamento;<\/li><li>chiedere e ottenere la modifica e\/o correzione dei suoi Dati od opporsi al trattamento dei dati personali che la riguardano;<\/li><li>chiedere e ottenere la cancellazione \u2013 e\/o la limitazione del trattamento - dei suoi dati.<\/li><\/ul><p>La informiamo che, ai sensi del Regolamento, pu\u00f2 proporre eventuali reclami riguardanti i trattamenti di suoi dati personali al Garante per la protezione dei dati personali<\/p><h4>\u00a0<strong>CONTATTI DEL TITOLARE E DEL RESPONSABILE DELLA PROTEZIONE DEI DATI PERSONALI (\u201cDPO\u201d)<\/strong><\/h4><p>Per esercitare i diritti di cui sopra potr\u00e0 indirizzare le Sue richieste al\u00a0<strong>Titolare: italiana petroli S.p.a.<\/strong>\u00a0con sede in Roma Via salaria 1322, 00138, \u00a0anche mediante email da inviare a:<\/p><p><a href=\"https:\/\/www.gruppoapi.com\/privacy@italianapetroli.it\">privacy@italianapetroli.it<\/a>\u00a0abilitata a ricevere anche da indirizzi mail non pec) o attraverso altri canali che il Titolare dovesse mettere a disposizione degli interessati.<\/p><p>La informiamo che il Titolare ha provveduto a nominare all\u2019interno della propria organizzazione, un\u00a0<strong>Responsabile della protezione dei dati personali<\/strong>\u00a0<strong>(\u201cDPO\u201d)<\/strong>, contattabile all\u2019indirizzo\u00a0<a href=\"mailto:dpoitalianapetroli@pec.gruppoapi.com\">dpoitalianapetroli@pec.gruppoapi.com<\/a><\/p><\/div><\/div>\t\t\t\t<\/div>\n\t\t\t\t<\/div>\n\t\t\t\t\t<\/div>\n\t\t<\/div>\n\t\t\t\t\t<\/div>\n\t\t<\/section>\n\t\t\t\t<\/div>\n\t\t","protected":false},"excerpt":{"rendered":"<p>&nbsp;Con riferimento alla vigente normativa in materia di tutela della riservatezza nel trattamento dei dati personali delle persone fisiche ed, in particolare, al Regolamento Europeo (UE) 2016\/679 (di seguito \u201cRegolamento\u201d) &nbsp;, La informiamo che i dati forniti dal Titolare della CartaMaxima compilando il modulo di adesione e utilizzando la suddetta tessera, e\/o i dati altrimenti [&hellip;]<\/p>\n","protected":false},"author":5,"featured_media":0,"parent":0,"menu_order":0,"comment_status":"closed","ping_status":"closed","template":"","meta":{"_acf_changed":false,"site-sidebar-layout":"no-sidebar","site-content-layout":"page-builder","ast-site-content-layout":"default","site-content-style":"default","site-sidebar-style":"default","ast-global-header-display":"","ast-banner-title-visibility":"","ast-main-header-display":"","ast-hfb-above-header-display":"","ast-hfb-below-header-display":"","ast-hfb-mobile-header-display":"","site-post-title":"disabled","ast-breadcrumbs-content":"","ast-featured-img":"disabled","footer-sml-layout":"","ast-disable-related-posts":"","theme-transparent-header-meta":"","adv-header-id-meta":"","stick-header-meta":"","header-above-stick-meta":"","header-main-stick-meta":"","header-below-stick-meta":"","astra-migrate-meta-layouts":"default","ast-page-background-enabled":"default","ast-page-background-meta":{"desktop":{"background-color":"var(--ast-global-color-4)","background-image":"","background-repeat":"repeat","background-position":"center center","background-size":"auto","background-attachment":"scroll","background-type":"","background-media":"","overlay-type":"","overlay-color":"","overlay-opacity":"","overlay-gradient":""},"tablet":{"background-color":"","background-image":"","background-repeat":"repeat","background-position":"center center","background-size":"auto","background-attachment":"scroll","background-type":"","background-media":"","overlay-type":"","overlay-color":"","overlay-opacity":"","overlay-gradient":""},"mobile":{"background-color":"","background-image":"","background-repeat":"repeat","background-position":"center center","background-size":"auto","background-attachment":"scroll","background-type":"","background-media":"","overlay-type":"","overlay-color":"","overlay-opacity":"","overlay-gradient":""}},"ast-content-background-meta":{"desktop":{"background-color":"var(--ast-global-color-5)","background-image":"","background-repeat":"repeat","background-position":"center center","background-size":"auto","background-attachment":"scroll","background-type":"","background-media":"","overlay-type":"","overlay-color":"","overlay-opacity":"","overlay-gradient":""},"tablet":{"background-color":"var(--ast-global-color-5)","background-image":"","background-repeat":"repeat","background-position":"center center","background-size":"auto","background-attachment":"scroll","background-type":"","background-media":"","overlay-type":"","overlay-color":"","overlay-opacity":"","overlay-gradient":""},"mobile":{"background-color":"var(--ast-global-color-5)","background-image":"","background-repeat":"repeat","background-position":"center center","background-size":"auto","background-attachment":"scroll","background-type":"","background-media":"","overlay-type":"","overlay-color":"","overlay-opacity":"","overlay-gradient":""}},"footnotes":""},"class_list":["post-8453","page","type-page","status-publish","hentry"],"acf":[],"yoast_head":"<!-- This site is optimized with the Yoast SEO plugin v27.0 - https:\/\/yoast.com\/product\/yoast-seo-wordpress\/ -->\n<title>Maxima Privacy Policy Card - IP Gruppo api<\/title>\n<meta name=\"description\" content=\"Maxima Privacy Policy Card - IP Gruppo api - Maxima Privacy Policy Card\" \/>\n<meta name=\"robots\" content=\"index, follow, max-snippet:-1, max-image-preview:large, max-video-preview:-1\" \/>\n<link rel=\"canonical\" href=\"https:\/\/ip.gruppoapi.com\/en\/maxima-privacy-policy-card\/\" \/>\n<meta property=\"og:locale\" content=\"en_US\" \/>\n<meta property=\"og:type\" content=\"article\" \/>\n<meta property=\"og:title\" content=\"Maxima Privacy Policy Card - IP Gruppo api\" \/>\n<meta property=\"og:description\" content=\"Maxima Privacy Policy Card - IP Gruppo api - Maxima Privacy Policy Card\" \/>\n<meta property=\"og:url\" content=\"https:\/\/ip.gruppoapi.com\/en\/maxima-privacy-policy-card\/\" \/>\n<meta property=\"og:site_name\" content=\"IP Gruppo api\" \/>\n<meta property=\"article:publisher\" content=\"https:\/\/www.facebook.com\/IPperlitalia\" \/>\n<meta property=\"article:modified_time\" content=\"2023-02-15T10:29:37+00:00\" \/>\n<meta property=\"og:image\" content=\"https:\/\/ip.gruppoapi.com\/wp-content\/uploads\/2022\/12\/Particolare_Logo_IP-scaled.jpg\" \/>\n\t<meta property=\"og:image:width\" content=\"2560\" \/>\n\t<meta property=\"og:image:height\" content=\"1709\" \/>\n\t<meta property=\"og:image:type\" content=\"image\/jpeg\" \/>\n<meta name=\"twitter:card\" content=\"summary_large_image\" \/>\n<meta name=\"twitter:site\" content=\"@gruppoapi\" \/>\n<meta name=\"twitter:label1\" content=\"Est. reading time\" \/>\n\t<meta name=\"twitter:data1\" content=\"7 minutes\" \/>\n<script type=\"application\/ld+json\" class=\"yoast-schema-graph\">{\"@context\":\"https:\/\/schema.org\",\"@graph\":[{\"@type\":\"WebPage\",\"@id\":\"https:\/\/ip.gruppoapi.com\/en\/maxima-privacy-policy-card\/\",\"url\":\"https:\/\/ip.gruppoapi.com\/en\/maxima-privacy-policy-card\/\",\"name\":\"Maxima Privacy Policy Card - IP Gruppo api\",\"isPartOf\":{\"@id\":\"https:\/\/ip.gruppoapi.com\/en\/#website\"},\"datePublished\":\"2022-12-20T12:23:31+00:00\",\"dateModified\":\"2023-02-15T10:29:37+00:00\",\"description\":\"Maxima Privacy Policy Card - IP Gruppo api - Maxima Privacy Policy Card\",\"breadcrumb\":{\"@id\":\"https:\/\/ip.gruppoapi.com\/en\/maxima-privacy-policy-card\/#breadcrumb\"},\"inLanguage\":\"en-US\",\"potentialAction\":[{\"@type\":\"ReadAction\",\"target\":[\"https:\/\/ip.gruppoapi.com\/en\/maxima-privacy-policy-card\/\"]}]},{\"@type\":\"BreadcrumbList\",\"@id\":\"https:\/\/ip.gruppoapi.com\/en\/maxima-privacy-policy-card\/#breadcrumb\",\"itemListElement\":[{\"@type\":\"ListItem\",\"position\":1,\"name\":\"Home\",\"item\":\"https:\/\/ip.gruppoapi.com\/en\/\"},{\"@type\":\"ListItem\",\"position\":2,\"name\":\"Maxima Privacy Policy Card\"}]},{\"@type\":\"WebSite\",\"@id\":\"https:\/\/ip.gruppoapi.com\/en\/#website\",\"url\":\"https:\/\/ip.gruppoapi.com\/en\/\",\"name\":\"IP Gruppo api\",\"description\":\"IP Gruppo api, un partner per la mobilit\u00e0 di tutti gli italiani\",\"publisher\":{\"@id\":\"https:\/\/ip.gruppoapi.com\/en\/#organization\"},\"potentialAction\":[{\"@type\":\"SearchAction\",\"target\":{\"@type\":\"EntryPoint\",\"urlTemplate\":\"https:\/\/ip.gruppoapi.com\/en\/?s={search_term_string}\"},\"query-input\":{\"@type\":\"PropertyValueSpecification\",\"valueRequired\":true,\"valueName\":\"search_term_string\"}}],\"inLanguage\":\"en-US\"},{\"@type\":\"Organization\",\"@id\":\"https:\/\/ip.gruppoapi.com\/en\/#organization\",\"name\":\"Gruppo api IP\",\"url\":\"https:\/\/ip.gruppoapi.com\/en\/\",\"logo\":{\"@type\":\"ImageObject\",\"inLanguage\":\"en-US\",\"@id\":\"https:\/\/ip.gruppoapi.com\/en\/#\/schema\/logo\/image\/\",\"url\":\"https:\/\/ip.gruppoapi.com\/wp-content\/uploads\/2022\/12\/logo-gruppo-api-ip-black@2x.png\",\"contentUrl\":\"https:\/\/ip.gruppoapi.com\/wp-content\/uploads\/2022\/12\/logo-gruppo-api-ip-black@2x.png\",\"width\":394,\"height\":114,\"caption\":\"Gruppo api IP\"},\"image\":{\"@id\":\"https:\/\/ip.gruppoapi.com\/en\/#\/schema\/logo\/image\/\"},\"sameAs\":[\"https:\/\/www.facebook.com\/IPperlitalia\",\"https:\/\/x.com\/gruppoapi\",\"https:\/\/www.youtube.com\/channel\/UCqUQvZiwu6-qRd8QQihmhFQ\",\"https:\/\/www.linkedin.com\/company\/gruppoapi\",\"https:\/\/www.instagram.com\/ip_gruppoapi\"]}]}<\/script>\n<!-- \/ Yoast SEO plugin. -->","yoast_head_json":{"title":"Maxima Privacy Policy Card - IP Gruppo api","description":"Maxima Privacy Policy Card - IP Gruppo api - Maxima Privacy Policy Card","robots":{"index":"index","follow":"follow","max-snippet":"max-snippet:-1","max-image-preview":"max-image-preview:large","max-video-preview":"max-video-preview:-1"},"canonical":"https:\/\/ip.gruppoapi.com\/en\/maxima-privacy-policy-card\/","og_locale":"en_US","og_type":"article","og_title":"Maxima Privacy Policy Card - IP Gruppo api","og_description":"Maxima Privacy Policy Card - IP Gruppo api - Maxima Privacy Policy Card","og_url":"https:\/\/ip.gruppoapi.com\/en\/maxima-privacy-policy-card\/","og_site_name":"IP Gruppo api","article_publisher":"https:\/\/www.facebook.com\/IPperlitalia","article_modified_time":"2023-02-15T10:29:37+00:00","og_image":[{"width":2560,"height":1709,"url":"https:\/\/ip.gruppoapi.com\/wp-content\/uploads\/2022\/12\/Particolare_Logo_IP-scaled.jpg","type":"image\/jpeg"}],"twitter_card":"summary_large_image","twitter_site":"@gruppoapi","twitter_misc":{"Est. reading time":"7 minutes"},"schema":{"@context":"https:\/\/schema.org","@graph":[{"@type":"WebPage","@id":"https:\/\/ip.gruppoapi.com\/en\/maxima-privacy-policy-card\/","url":"https:\/\/ip.gruppoapi.com\/en\/maxima-privacy-policy-card\/","name":"Maxima Privacy Policy Card - IP Gruppo api","isPartOf":{"@id":"https:\/\/ip.gruppoapi.com\/en\/#website"},"datePublished":"2022-12-20T12:23:31+00:00","dateModified":"2023-02-15T10:29:37+00:00","description":"Maxima Privacy Policy Card - IP Gruppo api - Maxima Privacy Policy Card","breadcrumb":{"@id":"https:\/\/ip.gruppoapi.com\/en\/maxima-privacy-policy-card\/#breadcrumb"},"inLanguage":"en-US","potentialAction":[{"@type":"ReadAction","target":["https:\/\/ip.gruppoapi.com\/en\/maxima-privacy-policy-card\/"]}]},{"@type":"BreadcrumbList","@id":"https:\/\/ip.gruppoapi.com\/en\/maxima-privacy-policy-card\/#breadcrumb","itemListElement":[{"@type":"ListItem","position":1,"name":"Home","item":"https:\/\/ip.gruppoapi.com\/en\/"},{"@type":"ListItem","position":2,"name":"Maxima Privacy Policy Card"}]},{"@type":"WebSite","@id":"https:\/\/ip.gruppoapi.com\/en\/#website","url":"https:\/\/ip.gruppoapi.com\/en\/","name":"IP Gruppo api","description":"IP Gruppo api, un partner per la mobilit\u00e0 di tutti gli italiani","publisher":{"@id":"https:\/\/ip.gruppoapi.com\/en\/#organization"},"potentialAction":[{"@type":"SearchAction","target":{"@type":"EntryPoint","urlTemplate":"https:\/\/ip.gruppoapi.com\/en\/?s={search_term_string}"},"query-input":{"@type":"PropertyValueSpecification","valueRequired":true,"valueName":"search_term_string"}}],"inLanguage":"en-US"},{"@type":"Organization","@id":"https:\/\/ip.gruppoapi.com\/en\/#organization","name":"Gruppo api IP","url":"https:\/\/ip.gruppoapi.com\/en\/","logo":{"@type":"ImageObject","inLanguage":"en-US","@id":"https:\/\/ip.gruppoapi.com\/en\/#\/schema\/logo\/image\/","url":"https:\/\/ip.gruppoapi.com\/wp-content\/uploads\/2022\/12\/logo-gruppo-api-ip-black@2x.png","contentUrl":"https:\/\/ip.gruppoapi.com\/wp-content\/uploads\/2022\/12\/logo-gruppo-api-ip-black@2x.png","width":394,"height":114,"caption":"Gruppo api IP"},"image":{"@id":"https:\/\/ip.gruppoapi.com\/en\/#\/schema\/logo\/image\/"},"sameAs":["https:\/\/www.facebook.com\/IPperlitalia","https:\/\/x.com\/gruppoapi","https:\/\/www.youtube.com\/channel\/UCqUQvZiwu6-qRd8QQihmhFQ","https:\/\/www.linkedin.com\/company\/gruppoapi","https:\/\/www.instagram.com\/ip_gruppoapi"]}]}},"_links":{"self":[{"href":"https:\/\/ip.gruppoapi.com\/en\/wp-json\/wp\/v2\/pages\/8453","targetHints":{"allow":["GET"]}}],"collection":[{"href":"https:\/\/ip.gruppoapi.com\/en\/wp-json\/wp\/v2\/pages"}],"about":[{"href":"https:\/\/ip.gruppoapi.com\/en\/wp-json\/wp\/v2\/types\/page"}],"author":[{"embeddable":true,"href":"https:\/\/ip.gruppoapi.com\/en\/wp-json\/wp\/v2\/users\/5"}],"replies":[{"embeddable":true,"href":"https:\/\/ip.gruppoapi.com\/en\/wp-json\/wp\/v2\/comments?post=8453"}],"version-history":[{"count":5,"href":"https:\/\/ip.gruppoapi.com\/en\/wp-json\/wp\/v2\/pages\/8453\/revisions"}],"predecessor-version":[{"id":12533,"href":"https:\/\/ip.gruppoapi.com\/en\/wp-json\/wp\/v2\/pages\/8453\/revisions\/12533"}],"wp:attachment":[{"href":"https:\/\/ip.gruppoapi.com\/en\/wp-json\/wp\/v2\/media?parent=8453"}],"curies":[{"name":"wp","href":"https:\/\/api.w.org\/{rel}","templated":true}]}}