{"id":8880,"date":"2023-01-05T12:23:30","date_gmt":"2023-01-05T11:23:30","guid":{"rendered":"https:\/\/ip.gruppoapi.com\/ip-pay-privacy-policy\/"},"modified":"2023-11-06T12:41:59","modified_gmt":"2023-11-06T11:41:59","slug":"ip-pay-privacy-policy","status":"publish","type":"page","link":"https:\/\/ip.gruppoapi.com\/en\/ip-pay-privacy-policy\/","title":{"rendered":"IP PAY privacy policy"},"content":{"rendered":"\t\t<div data-elementor-type=\"wp-page\" data-elementor-id=\"8880\" class=\"elementor elementor-8880 elementor-8800\" data-elementor-post-type=\"page\">\n\t\t\t\t\t\t<section class=\"elementor-section elementor-top-section elementor-element elementor-element-879c93b elementor-section-boxed ang-section-padding-initial elementor-section-height-default elementor-section-height-default elementor-repeater-item-none elementor-repeater-item-none_hover\" data-id=\"879c93b\" data-element_type=\"section\" data-e-type=\"section\">\n\t\t\t\t\t\t<div class=\"elementor-container elementor-column-gap-default\">\n\t\t\t\t\t<div class=\"elementor-column elementor-col-100 elementor-top-column elementor-element elementor-element-0cb810b elementor-repeater-item-none elementor-repeater-item-none_hover\" data-id=\"0cb810b\" data-element_type=\"column\" data-e-type=\"column\">\n\t\t\t<div class=\"elementor-widget-wrap elementor-element-populated\">\n\t\t\t\t\t\t<div class=\"elementor-element elementor-element-d5ef98b elementor-repeater-item-none elementor-repeater-item-none_hover elementor-widget elementor-widget-titolo-e-testo\" data-id=\"d5ef98b\" data-element_type=\"widget\" data-e-type=\"widget\" data-widget_type=\"titolo-e-testo.default\">\n\t\t\t\t<div class=\"elementor-widget-container\">\n\t\t\t\t\t<div class='titolo-e-testo'><H2 class='tet-titolo custom-heading-default' style=''>IP PAY informativa privacy (italian version only)<\/H2><div class='tet-testo' style=''><h6 class=\"Corpotesto1\"><strong>INFORMATIVA AI SENSI E PER GLI EFFETTI DELL\u2019ART. 13 DEL REGOLAMENTO EUROPEO 2016\/679<\/strong><\/h6><p>italiana petroli S.p.A. (di seguito anche solo \u201citaliana petroli\u201d) ai sensi e per gli effetti della normativa in oggetto, Le fornisce le dovute informazioni in ordine al trattamento dei dati personali da Lei inseriti in fase di registrazione al servizio di Mobile Remote Payment (di seguito anche solo \u201cServizio\u201d).<\/p><p>Tali dati saranno oggetto di trattamento nel rispetto delle condizioni di liceit\u00e0 ex art. 6 Reg. UE 2016\/679 per le seguenti finalit\u00e0:<\/p><p>1)\u00a0\u00a0 adempimento di obblighi contrattuali (art. 6 lett. b)<\/p><p>2)\u00a0\u00a0 marketing (art. 6 lett. a)<\/p><p>La base giuridica dei trattamenti svolti per il raggiungimento delle predette finalit\u00e0 \u00e8 da rinvenirsi, nel caso 1), dall\u2019essere il trattamento necessario all\u2019esecuzione del Servizio di cui l\u2019interessato \u00e8 parte, nel caso 2), nel libero consenso dell\u2019interessato.<\/p><p>Il conferimento dei dati in questione \u2013 in particolare di quelli i cui campi di richiesta sono contrassegnati con asterisco \u2013 \u00e8 da intendersi come strettamente necessario per l\u2019adempimento, conclusione e gestione del rapporto contrattuale e dei conseguenti obblighi di legge ed \u00e8 pertanto obbligatorio per iscriversi e usufruire del Servizio.<\/p><p>Nessun dato relativo alla carta di debito, prepagata o di credito viene memorizzato nei nostri server. La carta, una volta registrata, viene \u201ctokenizzata\u201d (ovvero, ha un numero identificativo unico associato) nel dispositivo mobile dell\u2019interessato e pronta per essere utilizzata per i pagamenti.\u00a0<\/p><p>L\u2019eventuale rifiuto di fornire i dati di cui sopra, cos\u00ec come la successiva richiesta di cancellarli ovvero di trasformarli in forma anonima, comporta l\u2019impossibilit\u00e0 per l\u2019interessato di usufruire del Servizio.<\/p><p>Geolocalizzazione<\/p><p>Oltre a quanto sopra, ai fini dell\u2019erogazione del Servizio \u00e8 essenziale l\u2019attivazione della funzione di geolocalizzazione del dispositivo sul quale l\u2019APP Stazioni IP \u00e8 installata per il riconoscimento automatico delle stazioni abilitate al Servizio di Mobile Payment. Ci\u00f2 al fine di prevenire eventi fraudolenti.<\/p><p>Il consenso all\u2019attivazione di tale funzionalit\u00e0 \u00e8 dunque necessario per la fruizione del Servizio di pagamento: in mancanza, il Servizio\u00a0<strong>IP Pay<\/strong>\u00a0non sar\u00e0 disponibile.<\/p><p>I suoi dati verranno conservati in formato elettronico per un periodo di tempo non superiore a quello necessario al soddisfacimento delle finalit\u00e0 sopra indicate e comunque per il tempo strettamente necessario all\u2019espletamento degli adempimenti previsti per legge. Decorsi questi termini, ad eccezione dei casi in cui vi sia in atto un contenzioso, gli stessi verranno distrutti ovvero resi anonimi e utilizzati per sole finalit\u00e0 statistiche. In particolare, per quanto riguarda il Servizio\u00a0<strong>IP Pay<\/strong>, i dati verranno conservati per dieci anni. Per il contenzioso, il termine di conservazione \u00e8 individuato nel passaggio in giudicato della sentenza oltre ai termini di legge di prescrizione per l\u2019esecuzione del giudicato (art.2953 cc).<\/p><p>I suoi dati saranno trattati presso la sede del Titolare del trattamento, da personale appositamente autorizzato e all\u2019esterno, da soggetti opportunamente nominati, con strumenti automatizzati, con logiche strettamente correlate alle finalit\u00e0 perseguite e, comunque, in modo da garantire la sicurezza e la riservatezza dei dati stessi. Possono, pertanto, venire a conoscenza dei dati i dipendenti ed i collaboratori di italiani petroli adibiti alle operazioni relative e\/o comunque collegate al controllo ed al funzionamento del Servizio nonch\u00e9 soggetti che, in qualit\u00e0 di Responsabili esterni del Trattamento, ovvero \u2013 ove ne sussistano le condizioni previste dalla normativa vigente \u2013 di Titolari Autonomi, forniscono servizi a ci\u00f2 strumentali.<\/p><p>La lista aggiornata di tutti i Responsabili e degli eventuali Titolari Autonomi potr\u00e0 essere richiesta al Titolare del trattamento ai recapiti indicati nel proseguo.<\/p><p>Si precisa che i dati in questione non saranno soggetti a diffusione fatto salvo ove ci\u00f2 sia eventualmente previsto per legge e il loro trattamento sar\u00e0 effettuato solo da persone appositamente autorizzate ai sensi del Regolamento Europeo 2016\/679.<\/p><p>Titolare del trattamento \u00e8 la societ\u00e0 italiana petroli S.p.A., con sede legale in Roma, via Salaria, 1322; il Responsabile della Protezione dei Dati \u00e8 raggiungibile all\u2019indirizzo: <a href=\"https:\/\/www.gruppoapi.com\/file:\/C:\/Informative\/Informative%20Fatturazione%20Elettronica\/Definitive_Informative\/AppData\/Local\/Microsoft\/Windows\/Temporary%20Internet%20Files\/Content.Outlook\/SA3KNMZL\/dpoitalianapetroli@pec.gruppoapi.com\">dpoitalianapetroli@pec.gruppoapi.com<\/a>.<\/p><p>La informiamo, infine, che, in relazione ai predetti trattamenti, Lei potr\u00e0, in qualsiasi momento, esercitare i diritti di cui agli artt. 15 e ss. del Regolamento Europeo 2016\/679 fra i quali quello di chiedere al titolare del trattamento l'accesso ai dati personali e la rettifica o la cancellazione degli stessi o la limitazione del trattamento dei dati personali che la riguardano o di opporsi al loro trattamento, oltre al diritto alla portabilit\u00e0 dei dati nei casi previsti dalla Legge.<\/p><p>L\u2019esercizio dei suoi diritti e\/o per eventuali chiarimenti in materia di tutela dati personali potr\u00e0 avvenire attraverso l\u2019invio di una richiesta e-mail all\u2019indirizzo\u00a0<a href=\"mailto:privacy@italianapetroli.it\">privacy@italianapetroli.it<\/a>\u00a0ovvero scrivendo presso la sede del Titolare al recapito sopra indicato.<\/p><p>Da ultimo, Le ricordiamo che, laddove in riferimento ai trattamenti considerati nella presente informativa Lei ritenesse sussistente una violazione della normativa vigente posta a tutela della riservatezza e dei dati personali, Le \u00e8 riconosciuto anche il diritto di proporre reclamo all\u2019Autorit\u00e0 Garante per la protezione dei dati personali i cui recapiti sono rinvenibili nel sito\u00a0<a href=\"http:\/\/www.garanteprivacy.it\/\">www.garanteprivacy.it<\/a>.<\/p><p>italiana petroli si riserva il diritto di modificare, aggiornare, aggiungere o rimuovere parti della presente informativa sulla privacy a propria discrezione e in qualsiasi momento, salvo l\u2019obbligo di darne informazione preventiva all\u2019interessato in caso di modifica delle finalit\u00e0 del trattamento, unitamente alle ulteriori informazioni pertinenti. Il testo aggiornato sar\u00e0 sempre disponibile sul sito\u00a0<a href=\"http:\/\/www.gruppoapi.com\/\">www.gruppoapi.com<\/a><\/p><h5>\u00a0<strong>IL TITOLARE<\/strong><\/h5><h6><strong>Societ\u00e0 italiana petroli S.p.A.<\/strong><\/h6><\/div><\/div>\t\t\t\t<\/div>\n\t\t\t\t<\/div>\n\t\t\t\t\t<\/div>\n\t\t<\/div>\n\t\t\t\t\t<\/div>\n\t\t<\/section>\n\t\t\t\t<\/div>\n\t\t","protected":false},"excerpt":{"rendered":"<p>IP PAY informativa privacy (italian version only) INFORMATIVA AI SENSI E PER GLI EFFETTI DELL\u2019ART. 13 DEL REGOLAMENTO EUROPEO 2016\/679 italiana petroli S.p.A. (di seguito anche solo \u201citaliana petroli\u201d) ai sensi e per gli effetti della normativa in oggetto, Le fornisce le dovute informazioni in ordine al trattamento dei dati personali da Lei inseriti in [&hellip;]<\/p>\n","protected":false},"author":5,"featured_media":0,"parent":0,"menu_order":0,"comment_status":"closed","ping_status":"closed","template":"","meta":{"_acf_changed":false,"site-sidebar-layout":"no-sidebar","site-content-layout":"page-builder","ast-site-content-layout":"default","site-content-style":"default","site-sidebar-style":"default","ast-global-header-display":"","ast-banner-title-visibility":"","ast-main-header-display":"","ast-hfb-above-header-display":"","ast-hfb-below-header-display":"","ast-hfb-mobile-header-display":"","site-post-title":"disabled","ast-breadcrumbs-content":"","ast-featured-img":"disabled","footer-sml-layout":"","ast-disable-related-posts":"","theme-transparent-header-meta":"","adv-header-id-meta":"","stick-header-meta":"","header-above-stick-meta":"","header-main-stick-meta":"","header-below-stick-meta":"","astra-migrate-meta-layouts":"default","ast-page-background-enabled":"default","ast-page-background-meta":{"desktop":{"background-color":"var(--ast-global-color-4)","background-image":"","background-repeat":"repeat","background-position":"center center","background-size":"auto","background-attachment":"scroll","background-type":"","background-media":"","overlay-type":"","overlay-color":"","overlay-opacity":"","overlay-gradient":""},"tablet":{"background-color":"","background-image":"","background-repeat":"repeat","background-position":"center center","background-size":"auto","background-attachment":"scroll","background-type":"","background-media":"","overlay-type":"","overlay-color":"","overlay-opacity":"","overlay-gradient":""},"mobile":{"background-color":"","background-image":"","background-repeat":"repeat","background-position":"center center","background-size":"auto","background-attachment":"scroll","background-type":"","background-media":"","overlay-type":"","overlay-color":"","overlay-opacity":"","overlay-gradient":""}},"ast-content-background-meta":{"desktop":{"background-color":"var(--ast-global-color-5)","background-image":"","background-repeat":"repeat","background-position":"center center","background-size":"auto","background-attachment":"scroll","background-type":"","background-media":"","overlay-type":"","overlay-color":"","overlay-opacity":"","overlay-gradient":""},"tablet":{"background-color":"var(--ast-global-color-5)","background-image":"","background-repeat":"repeat","background-position":"center center","background-size":"auto","background-attachment":"scroll","background-type":"","background-media":"","overlay-type":"","overlay-color":"","overlay-opacity":"","overlay-gradient":""},"mobile":{"background-color":"var(--ast-global-color-5)","background-image":"","background-repeat":"repeat","background-position":"center center","background-size":"auto","background-attachment":"scroll","background-type":"","background-media":"","overlay-type":"","overlay-color":"","overlay-opacity":"","overlay-gradient":""}},"footnotes":""},"class_list":["post-8880","page","type-page","status-publish","hentry"],"acf":[],"yoast_head":"<!-- This site is optimized with the Yoast SEO plugin v27.0 - https:\/\/yoast.com\/product\/yoast-seo-wordpress\/ -->\n<title>IP PAY privacy policy - IP Gruppo api<\/title>\n<meta name=\"description\" content=\"IP PAY privacy policy - IP Gruppo api - IP PAY privacy policy\" \/>\n<meta name=\"robots\" content=\"index, follow, max-snippet:-1, max-image-preview:large, max-video-preview:-1\" \/>\n<link rel=\"canonical\" href=\"https:\/\/ip.gruppoapi.com\/en\/ip-pay-privacy-policy\/\" \/>\n<meta property=\"og:locale\" content=\"en_US\" \/>\n<meta property=\"og:type\" content=\"article\" \/>\n<meta property=\"og:title\" content=\"IP PAY privacy policy - IP Gruppo api\" \/>\n<meta property=\"og:description\" content=\"IP PAY privacy policy - IP Gruppo api - IP PAY privacy policy\" \/>\n<meta property=\"og:url\" content=\"https:\/\/ip.gruppoapi.com\/en\/ip-pay-privacy-policy\/\" \/>\n<meta property=\"og:site_name\" content=\"IP Gruppo api\" \/>\n<meta property=\"article:publisher\" content=\"https:\/\/www.facebook.com\/IPperlitalia\" \/>\n<meta property=\"article:modified_time\" content=\"2023-11-06T11:41:59+00:00\" \/>\n<meta property=\"og:image\" content=\"https:\/\/ip.gruppoapi.com\/wp-content\/uploads\/2022\/12\/Particolare_Logo_IP-scaled.jpg\" \/>\n\t<meta property=\"og:image:width\" content=\"2560\" \/>\n\t<meta property=\"og:image:height\" content=\"1709\" \/>\n\t<meta property=\"og:image:type\" content=\"image\/jpeg\" \/>\n<meta name=\"twitter:card\" content=\"summary_large_image\" \/>\n<meta name=\"twitter:site\" content=\"@gruppoapi\" \/>\n<meta name=\"twitter:label1\" content=\"Est. reading time\" \/>\n\t<meta name=\"twitter:data1\" content=\"4 minutes\" \/>\n<script type=\"application\/ld+json\" class=\"yoast-schema-graph\">{\"@context\":\"https:\/\/schema.org\",\"@graph\":[{\"@type\":\"WebPage\",\"@id\":\"https:\/\/ip.gruppoapi.com\/en\/ip-pay-privacy-policy\/\",\"url\":\"https:\/\/ip.gruppoapi.com\/en\/ip-pay-privacy-policy\/\",\"name\":\"IP PAY privacy policy - IP Gruppo api\",\"isPartOf\":{\"@id\":\"https:\/\/ip.gruppoapi.com\/en\/#website\"},\"datePublished\":\"2023-01-05T11:23:30+00:00\",\"dateModified\":\"2023-11-06T11:41:59+00:00\",\"description\":\"IP PAY privacy policy - IP Gruppo api - IP PAY privacy policy\",\"breadcrumb\":{\"@id\":\"https:\/\/ip.gruppoapi.com\/en\/ip-pay-privacy-policy\/#breadcrumb\"},\"inLanguage\":\"en-US\",\"potentialAction\":[{\"@type\":\"ReadAction\",\"target\":[\"https:\/\/ip.gruppoapi.com\/en\/ip-pay-privacy-policy\/\"]}]},{\"@type\":\"BreadcrumbList\",\"@id\":\"https:\/\/ip.gruppoapi.com\/en\/ip-pay-privacy-policy\/#breadcrumb\",\"itemListElement\":[{\"@type\":\"ListItem\",\"position\":1,\"name\":\"Home\",\"item\":\"https:\/\/ip.gruppoapi.com\/en\/\"},{\"@type\":\"ListItem\",\"position\":2,\"name\":\"IP PAY privacy policy\"}]},{\"@type\":\"WebSite\",\"@id\":\"https:\/\/ip.gruppoapi.com\/en\/#website\",\"url\":\"https:\/\/ip.gruppoapi.com\/en\/\",\"name\":\"IP Gruppo api\",\"description\":\"IP Gruppo api, un partner per la mobilit\u00e0 di tutti gli italiani\",\"publisher\":{\"@id\":\"https:\/\/ip.gruppoapi.com\/en\/#organization\"},\"potentialAction\":[{\"@type\":\"SearchAction\",\"target\":{\"@type\":\"EntryPoint\",\"urlTemplate\":\"https:\/\/ip.gruppoapi.com\/en\/?s={search_term_string}\"},\"query-input\":{\"@type\":\"PropertyValueSpecification\",\"valueRequired\":true,\"valueName\":\"search_term_string\"}}],\"inLanguage\":\"en-US\"},{\"@type\":\"Organization\",\"@id\":\"https:\/\/ip.gruppoapi.com\/en\/#organization\",\"name\":\"Gruppo api IP\",\"url\":\"https:\/\/ip.gruppoapi.com\/en\/\",\"logo\":{\"@type\":\"ImageObject\",\"inLanguage\":\"en-US\",\"@id\":\"https:\/\/ip.gruppoapi.com\/en\/#\/schema\/logo\/image\/\",\"url\":\"https:\/\/ip.gruppoapi.com\/wp-content\/uploads\/2022\/12\/logo-gruppo-api-ip-black@2x.png\",\"contentUrl\":\"https:\/\/ip.gruppoapi.com\/wp-content\/uploads\/2022\/12\/logo-gruppo-api-ip-black@2x.png\",\"width\":394,\"height\":114,\"caption\":\"Gruppo api IP\"},\"image\":{\"@id\":\"https:\/\/ip.gruppoapi.com\/en\/#\/schema\/logo\/image\/\"},\"sameAs\":[\"https:\/\/www.facebook.com\/IPperlitalia\",\"https:\/\/x.com\/gruppoapi\",\"https:\/\/www.youtube.com\/channel\/UCqUQvZiwu6-qRd8QQihmhFQ\",\"https:\/\/www.linkedin.com\/company\/gruppoapi\",\"https:\/\/www.instagram.com\/ip_gruppoapi\"]}]}<\/script>\n<!-- \/ Yoast SEO plugin. -->","yoast_head_json":{"title":"IP PAY privacy policy - IP Gruppo api","description":"IP PAY privacy policy - IP Gruppo api - IP PAY privacy policy","robots":{"index":"index","follow":"follow","max-snippet":"max-snippet:-1","max-image-preview":"max-image-preview:large","max-video-preview":"max-video-preview:-1"},"canonical":"https:\/\/ip.gruppoapi.com\/en\/ip-pay-privacy-policy\/","og_locale":"en_US","og_type":"article","og_title":"IP PAY privacy policy - IP Gruppo api","og_description":"IP PAY privacy policy - IP Gruppo api - IP PAY privacy policy","og_url":"https:\/\/ip.gruppoapi.com\/en\/ip-pay-privacy-policy\/","og_site_name":"IP Gruppo api","article_publisher":"https:\/\/www.facebook.com\/IPperlitalia","article_modified_time":"2023-11-06T11:41:59+00:00","og_image":[{"width":2560,"height":1709,"url":"https:\/\/ip.gruppoapi.com\/wp-content\/uploads\/2022\/12\/Particolare_Logo_IP-scaled.jpg","type":"image\/jpeg"}],"twitter_card":"summary_large_image","twitter_site":"@gruppoapi","twitter_misc":{"Est. reading time":"4 minutes"},"schema":{"@context":"https:\/\/schema.org","@graph":[{"@type":"WebPage","@id":"https:\/\/ip.gruppoapi.com\/en\/ip-pay-privacy-policy\/","url":"https:\/\/ip.gruppoapi.com\/en\/ip-pay-privacy-policy\/","name":"IP PAY privacy policy - IP Gruppo api","isPartOf":{"@id":"https:\/\/ip.gruppoapi.com\/en\/#website"},"datePublished":"2023-01-05T11:23:30+00:00","dateModified":"2023-11-06T11:41:59+00:00","description":"IP PAY privacy policy - IP Gruppo api - IP PAY privacy policy","breadcrumb":{"@id":"https:\/\/ip.gruppoapi.com\/en\/ip-pay-privacy-policy\/#breadcrumb"},"inLanguage":"en-US","potentialAction":[{"@type":"ReadAction","target":["https:\/\/ip.gruppoapi.com\/en\/ip-pay-privacy-policy\/"]}]},{"@type":"BreadcrumbList","@id":"https:\/\/ip.gruppoapi.com\/en\/ip-pay-privacy-policy\/#breadcrumb","itemListElement":[{"@type":"ListItem","position":1,"name":"Home","item":"https:\/\/ip.gruppoapi.com\/en\/"},{"@type":"ListItem","position":2,"name":"IP PAY privacy policy"}]},{"@type":"WebSite","@id":"https:\/\/ip.gruppoapi.com\/en\/#website","url":"https:\/\/ip.gruppoapi.com\/en\/","name":"IP Gruppo api","description":"IP Gruppo api, un partner per la mobilit\u00e0 di tutti gli italiani","publisher":{"@id":"https:\/\/ip.gruppoapi.com\/en\/#organization"},"potentialAction":[{"@type":"SearchAction","target":{"@type":"EntryPoint","urlTemplate":"https:\/\/ip.gruppoapi.com\/en\/?s={search_term_string}"},"query-input":{"@type":"PropertyValueSpecification","valueRequired":true,"valueName":"search_term_string"}}],"inLanguage":"en-US"},{"@type":"Organization","@id":"https:\/\/ip.gruppoapi.com\/en\/#organization","name":"Gruppo api IP","url":"https:\/\/ip.gruppoapi.com\/en\/","logo":{"@type":"ImageObject","inLanguage":"en-US","@id":"https:\/\/ip.gruppoapi.com\/en\/#\/schema\/logo\/image\/","url":"https:\/\/ip.gruppoapi.com\/wp-content\/uploads\/2022\/12\/logo-gruppo-api-ip-black@2x.png","contentUrl":"https:\/\/ip.gruppoapi.com\/wp-content\/uploads\/2022\/12\/logo-gruppo-api-ip-black@2x.png","width":394,"height":114,"caption":"Gruppo api IP"},"image":{"@id":"https:\/\/ip.gruppoapi.com\/en\/#\/schema\/logo\/image\/"},"sameAs":["https:\/\/www.facebook.com\/IPperlitalia","https:\/\/x.com\/gruppoapi","https:\/\/www.youtube.com\/channel\/UCqUQvZiwu6-qRd8QQihmhFQ","https:\/\/www.linkedin.com\/company\/gruppoapi","https:\/\/www.instagram.com\/ip_gruppoapi"]}]}},"_links":{"self":[{"href":"https:\/\/ip.gruppoapi.com\/en\/wp-json\/wp\/v2\/pages\/8880","targetHints":{"allow":["GET"]}}],"collection":[{"href":"https:\/\/ip.gruppoapi.com\/en\/wp-json\/wp\/v2\/pages"}],"about":[{"href":"https:\/\/ip.gruppoapi.com\/en\/wp-json\/wp\/v2\/types\/page"}],"author":[{"embeddable":true,"href":"https:\/\/ip.gruppoapi.com\/en\/wp-json\/wp\/v2\/users\/5"}],"replies":[{"embeddable":true,"href":"https:\/\/ip.gruppoapi.com\/en\/wp-json\/wp\/v2\/comments?post=8880"}],"version-history":[{"count":6,"href":"https:\/\/ip.gruppoapi.com\/en\/wp-json\/wp\/v2\/pages\/8880\/revisions"}],"predecessor-version":[{"id":19438,"href":"https:\/\/ip.gruppoapi.com\/en\/wp-json\/wp\/v2\/pages\/8880\/revisions\/19438"}],"wp:attachment":[{"href":"https:\/\/ip.gruppoapi.com\/en\/wp-json\/wp\/v2\/media?parent=8880"}],"curies":[{"name":"wp","href":"https:\/\/api.w.org\/{rel}","templated":true}]}}