{"id":8918,"date":"2022-12-22T10:49:16","date_gmt":"2022-12-22T09:49:16","guid":{"rendered":"https:\/\/ip.gruppoapi.com\/products-and-services\/products\/lubricant\/ip-f-a\/"},"modified":"2023-02-15T12:06:49","modified_gmt":"2023-02-15T11:06:49","slug":"ip-f-a","status":"publish","type":"page","link":"https:\/\/ip.gruppoapi.com\/en\/products-and-services\/products\/lubricant\/ip-f-a\/","title":{"rendered":"IP F.A"},"content":{"rendered":"\t\t<div data-elementor-type=\"wp-page\" data-elementor-id=\"8918\" class=\"elementor elementor-8918 elementor-6227\" data-elementor-post-type=\"page\">\n\t\t\t\t\t\t<section class=\"elementor-section elementor-top-section elementor-element elementor-element-5a071d4 elementor-section-boxed ang-section-padding-initial elementor-section-height-default elementor-section-height-default elementor-repeater-item-none elementor-repeater-item-none_hover\" data-id=\"5a071d4\" data-element_type=\"section\" data-e-type=\"section\">\n\t\t\t\t\t\t<div class=\"elementor-container elementor-column-gap-default\">\n\t\t\t\t\t<div class=\"elementor-column elementor-col-100 elementor-top-column elementor-element elementor-element-1dc0854 elementor-repeater-item-none elementor-repeater-item-none_hover\" data-id=\"1dc0854\" data-element_type=\"column\" data-e-type=\"column\">\n\t\t\t<div class=\"elementor-widget-wrap elementor-element-populated\">\n\t\t\t\t\t\t<div class=\"elementor-element elementor-element-7a74848 elementor-repeater-item-none elementor-repeater-item-none_hover elementor-widget elementor-widget-titolo-e-testo\" data-id=\"7a74848\" data-element_type=\"widget\" data-e-type=\"widget\" data-widget_type=\"titolo-e-testo.default\">\n\t\t\t\t<div class=\"elementor-widget-container\">\n\t\t\t\t\t<div class='titolo-e-testo'><H2 class='tet-titolo custom-heading-default' style=''>IP F.A<\/H2><div class='tet-testo' style=''><p>L\u2019applicazione \u00e8 raccomandata per gli<strong>\u00a0ammortizzatori.\u00a0<\/strong>Si pu\u00f2 aumentare l'effetto smorzante, conferendo un comportamento\u00a0pi\u00f9 rigido della sospensione, operando la miscelazione con la gradazione pi\u00f9 viscosa.<\/p><\/div><\/div>\t\t\t\t<\/div>\n\t\t\t\t<\/div>\n\t\t\t\t\t<\/div>\n\t\t<\/div>\n\t\t\t\t\t<\/div>\n\t\t<\/section>\n\t\t\t\t<section class=\"elementor-section elementor-top-section elementor-element elementor-element-67643a2 elementor-section-boxed ang-section-padding-initial elementor-section-height-default elementor-section-height-default elementor-repeater-item-none elementor-repeater-item-none_hover\" data-id=\"67643a2\" data-element_type=\"section\" data-e-type=\"section\">\n\t\t\t\t\t\t<div class=\"elementor-container elementor-column-gap-default\">\n\t\t\t\t\t<div class=\"elementor-column elementor-col-100 elementor-top-column elementor-element elementor-element-df93973 elementor-repeater-item-none elementor-repeater-item-none_hover\" data-id=\"df93973\" data-element_type=\"column\" data-e-type=\"column\">\n\t\t\t<div class=\"elementor-widget-wrap elementor-element-populated\">\n\t\t\t\t\t\t<div class=\"elementor-element elementor-element-40dc8ff elementor-repeater-item-none elementor-repeater-item-none_hover elementor-widget elementor-widget-distanziatore\" data-id=\"40dc8ff\" data-element_type=\"widget\" data-e-type=\"widget\" data-widget_type=\"distanziatore.default\">\n\t\t\t\t<div class=\"elementor-widget-container\">\n\t\t\t\t\t\t\t<div class=\"distanziatore-spacer\">\n\t\t\t<div class=\"distanziatore-spacer-inner margin-piccolo\"><\/div>\n\t\t<\/div>\n\t\t\t\t\t\t<\/div>\n\t\t\t\t<\/div>\n\t\t\t\t\t<\/div>\n\t\t<\/div>\n\t\t\t\t\t<\/div>\n\t\t<\/section>\n\t\t\t\t<section class=\"elementor-section elementor-top-section elementor-element elementor-element-cbd2132 elementor-section-boxed ang-section-padding-initial elementor-section-height-default elementor-section-height-default elementor-repeater-item-none elementor-repeater-item-none_hover\" data-id=\"cbd2132\" data-element_type=\"section\" data-e-type=\"section\">\n\t\t\t\t\t\t<div class=\"elementor-container elementor-column-gap-default\">\n\t\t\t\t\t<div class=\"elementor-column elementor-col-50 elementor-top-column elementor-element elementor-element-5d973b1 elementor-repeater-item-none elementor-repeater-item-none_hover\" data-id=\"5d973b1\" data-element_type=\"column\" data-e-type=\"column\">\n\t\t\t<div class=\"elementor-widget-wrap elementor-element-populated\">\n\t\t\t\t\t\t<div class=\"elementor-element elementor-element-e4e7b6e elementor-repeater-item-none elementor-repeater-item-none_hover elementor-widget elementor-widget-documenti-link\" data-id=\"e4e7b6e\" data-element_type=\"widget\" data-e-type=\"widget\" data-widget_type=\"documenti-link.default\">\n\t\t\t\t<div class=\"elementor-widget-container\">\n\t\t\t\t\t<div class=\"documenti-link-container\"><h3 class=\"documenti-link-title\" style=\"\">Scheda  tecnica<\/h3><ul class=\"wrapper-documenti-link-item\"><li class=\"documenti-link-item\"><div class=\"documenti-link-item-title\">  Scheda tecnica F.A.<\/div><a class=\"documenti-link-icon\" href=\"https:\/\/ip.gruppoapi.com\/wp-content\/uploads\/2022\/12\/IP-FA-ST.pdf\" target=\"_blank\" rel=\"nofollow\">\n\t\t\t\t<svg xmlns=\"http:\/\/www.w3.org\/2000\/svg\" width=\"22.543\" height=\"21.058\" viewBox=\"0 0 22.543 21.058\">\n  <g id=\"Raggruppa_8629\" data-name=\"Raggruppa 8629\" transform=\"translate(-1462.511 -5717.362)\">\n    <g id=\"Raggruppa_363\" data-name=\"Raggruppa 363\" transform=\"translate(1468.747 5720.319)\">\n      <g id=\"Raggruppa_350\" data-name=\"Raggruppa 350\" transform=\"translate(10.444 -2.957) rotate(90)\">\n        <line id=\"Linea_68\" data-name=\"Linea 68\" x2=\"10.905\" transform=\"translate(0 4.946)\" fill=\"none\" stroke=\"#000\" stroke-width=\"2\"\/>\n        <path id=\"Tracciato_111\" data-name=\"Tracciato 111\" d=\"M21933.887-2268.5l4.652,4.918-4.652,4.918\" transform=\"translate(-21927.559 2268.501)\" fill=\"none\" stroke=\"#000\" stroke-width=\"2\"\/>\n      <\/g>\n    <\/g>\n    <path id=\"Tracciato_5750\" data-name=\"Tracciato 5750\" d=\"M3536.511-6145.859v8.474h20.543v-8.474\" transform=\"translate(-2073 11874.804)\" fill=\"none\" stroke=\"#000\" stroke-width=\"2\"\/>\n  <\/g>\n<\/svg>\n\t\t\t\t<\/a><\/li><\/ul><\/div>\t\t\t\t<\/div>\n\t\t\t\t<\/div>\n\t\t\t\t\t<\/div>\n\t\t<\/div>\n\t\t\t\t<div class=\"elementor-column elementor-col-50 elementor-top-column elementor-element elementor-element-fa47968 elementor-repeater-item-none elementor-repeater-item-none_hover\" data-id=\"fa47968\" data-element_type=\"column\" data-e-type=\"column\">\n\t\t\t<div class=\"elementor-widget-wrap elementor-element-populated\">\n\t\t\t\t\t\t<div class=\"elementor-element elementor-element-4cdf0ca elementor-repeater-item-none elementor-repeater-item-none_hover elementor-widget elementor-widget-documenti-link\" data-id=\"4cdf0ca\" data-element_type=\"widget\" data-e-type=\"widget\" data-widget_type=\"documenti-link.default\">\n\t\t\t\t<div class=\"elementor-widget-container\">\n\t\t\t\t\t<div class=\"documenti-link-container\"><h3 class=\"documenti-link-title\" style=\"\">Scheda sicurezza<\/h3><ul class=\"wrapper-documenti-link-item\"><li class=\"documenti-link-item\"><div class=\"documenti-link-item-title\">Scheda sicurezza F.A.(SAE 5W)<\/div><a class=\"documenti-link-icon\" href=\"https:\/\/ip.gruppoapi.com\/wp-content\/uploads\/2022\/12\/IP_F_A_SAE-5W_SdS_112021.pdf\" target=\"_blank\" rel=\"nofollow\">\n\t\t\t\t<svg xmlns=\"http:\/\/www.w3.org\/2000\/svg\" width=\"22.543\" height=\"21.058\" viewBox=\"0 0 22.543 21.058\">\n  <g id=\"Raggruppa_8629\" data-name=\"Raggruppa 8629\" transform=\"translate(-1462.511 -5717.362)\">\n    <g id=\"Raggruppa_363\" data-name=\"Raggruppa 363\" transform=\"translate(1468.747 5720.319)\">\n      <g id=\"Raggruppa_350\" data-name=\"Raggruppa 350\" transform=\"translate(10.444 -2.957) rotate(90)\">\n        <line id=\"Linea_68\" data-name=\"Linea 68\" x2=\"10.905\" transform=\"translate(0 4.946)\" fill=\"none\" stroke=\"#000\" stroke-width=\"2\"\/>\n        <path id=\"Tracciato_111\" data-name=\"Tracciato 111\" d=\"M21933.887-2268.5l4.652,4.918-4.652,4.918\" transform=\"translate(-21927.559 2268.501)\" fill=\"none\" stroke=\"#000\" stroke-width=\"2\"\/>\n      <\/g>\n    <\/g>\n    <path id=\"Tracciato_5750\" data-name=\"Tracciato 5750\" d=\"M3536.511-6145.859v8.474h20.543v-8.474\" transform=\"translate(-2073 11874.804)\" fill=\"none\" stroke=\"#000\" stroke-width=\"2\"\/>\n  <\/g>\n<\/svg>\n\t\t\t\t<\/a><\/li><li class=\"documenti-link-item\"><div class=\"documenti-link-item-title\">Scheda sicurezza F.A.(SAE 20W)<\/div><a class=\"documenti-link-icon\" href=\"https:\/\/ip.gruppoapi.com\/wp-content\/uploads\/2022\/12\/IP_F_A_SAE-20W_SdS_112021.pdf\" target=\"_blank\" rel=\"nofollow\">\n\t\t\t\t<svg xmlns=\"http:\/\/www.w3.org\/2000\/svg\" width=\"22.543\" height=\"21.058\" viewBox=\"0 0 22.543 21.058\">\n  <g id=\"Raggruppa_8629\" data-name=\"Raggruppa 8629\" transform=\"translate(-1462.511 -5717.362)\">\n    <g id=\"Raggruppa_363\" data-name=\"Raggruppa 363\" transform=\"translate(1468.747 5720.319)\">\n      <g id=\"Raggruppa_350\" data-name=\"Raggruppa 350\" transform=\"translate(10.444 -2.957) rotate(90)\">\n        <line id=\"Linea_68\" data-name=\"Linea 68\" x2=\"10.905\" transform=\"translate(0 4.946)\" fill=\"none\" stroke=\"#000\" stroke-width=\"2\"\/>\n        <path id=\"Tracciato_111\" data-name=\"Tracciato 111\" d=\"M21933.887-2268.5l4.652,4.918-4.652,4.918\" transform=\"translate(-21927.559 2268.501)\" fill=\"none\" stroke=\"#000\" stroke-width=\"2\"\/>\n      <\/g>\n    <\/g>\n    <path id=\"Tracciato_5750\" data-name=\"Tracciato 5750\" d=\"M3536.511-6145.859v8.474h20.543v-8.474\" transform=\"translate(-2073 11874.804)\" fill=\"none\" stroke=\"#000\" stroke-width=\"2\"\/>\n  <\/g>\n<\/svg>\n\t\t\t\t<\/a><\/li><li class=\"documenti-link-item\"><div class=\"documenti-link-item-title\">Scheda sicurezza F.A. (SAE 10W)<\/div><a class=\"documenti-link-icon\" href=\"https:\/\/ip.gruppoapi.com\/wp-content\/uploads\/2022\/12\/IP-FA-SAE-10W-SdS-022022.pdf\" target=\"_blank\" rel=\"nofollow\">\n\t\t\t\t<svg xmlns=\"http:\/\/www.w3.org\/2000\/svg\" width=\"22.543\" height=\"21.058\" viewBox=\"0 0 22.543 21.058\">\n  <g id=\"Raggruppa_8629\" data-name=\"Raggruppa 8629\" transform=\"translate(-1462.511 -5717.362)\">\n    <g id=\"Raggruppa_363\" data-name=\"Raggruppa 363\" transform=\"translate(1468.747 5720.319)\">\n      <g id=\"Raggruppa_350\" data-name=\"Raggruppa 350\" transform=\"translate(10.444 -2.957) rotate(90)\">\n        <line id=\"Linea_68\" data-name=\"Linea 68\" x2=\"10.905\" transform=\"translate(0 4.946)\" fill=\"none\" stroke=\"#000\" stroke-width=\"2\"\/>\n        <path id=\"Tracciato_111\" data-name=\"Tracciato 111\" d=\"M21933.887-2268.5l4.652,4.918-4.652,4.918\" transform=\"translate(-21927.559 2268.501)\" fill=\"none\" stroke=\"#000\" stroke-width=\"2\"\/>\n      <\/g>\n    <\/g>\n    <path id=\"Tracciato_5750\" data-name=\"Tracciato 5750\" d=\"M3536.511-6145.859v8.474h20.543v-8.474\" transform=\"translate(-2073 11874.804)\" fill=\"none\" stroke=\"#000\" stroke-width=\"2\"\/>\n  <\/g>\n<\/svg>\n\t\t\t\t<\/a><\/li><li class=\"documenti-link-item\"><div class=\"documenti-link-item-title\">Scheda sicurezza F.A. (SAE 15W))<\/div><a class=\"documenti-link-icon\" href=\"https:\/\/ip.gruppoapi.com\/wp-content\/uploads\/2022\/12\/IP-FA-SAE-15W-SdS-022022.pdf\" target=\"_blank\" rel=\"nofollow\">\n\t\t\t\t<svg xmlns=\"http:\/\/www.w3.org\/2000\/svg\" width=\"22.543\" height=\"21.058\" viewBox=\"0 0 22.543 21.058\">\n  <g id=\"Raggruppa_8629\" data-name=\"Raggruppa 8629\" transform=\"translate(-1462.511 -5717.362)\">\n    <g id=\"Raggruppa_363\" data-name=\"Raggruppa 363\" transform=\"translate(1468.747 5720.319)\">\n      <g id=\"Raggruppa_350\" data-name=\"Raggruppa 350\" transform=\"translate(10.444 -2.957) rotate(90)\">\n        <line id=\"Linea_68\" data-name=\"Linea 68\" x2=\"10.905\" transform=\"translate(0 4.946)\" fill=\"none\" stroke=\"#000\" stroke-width=\"2\"\/>\n        <path id=\"Tracciato_111\" data-name=\"Tracciato 111\" d=\"M21933.887-2268.5l4.652,4.918-4.652,4.918\" transform=\"translate(-21927.559 2268.501)\" fill=\"none\" stroke=\"#000\" stroke-width=\"2\"\/>\n      <\/g>\n    <\/g>\n    <path id=\"Tracciato_5750\" data-name=\"Tracciato 5750\" d=\"M3536.511-6145.859v8.474h20.543v-8.474\" transform=\"translate(-2073 11874.804)\" fill=\"none\" stroke=\"#000\" stroke-width=\"2\"\/>\n  <\/g>\n<\/svg>\n\t\t\t\t<\/a><\/li><\/ul><\/div>\t\t\t\t<\/div>\n\t\t\t\t<\/div>\n\t\t\t\t\t<\/div>\n\t\t<\/div>\n\t\t\t\t\t<\/div>\n\t\t<\/section>\n\t\t\t\t<\/div>\n\t\t","protected":false},"excerpt":{"rendered":"<p>IP F.A L\u2019applicazione \u00e8 raccomandata per gli&nbsp;ammortizzatori.&nbsp;Si pu\u00f2 aumentare l&#8217;effetto smorzante, conferendo un comportamento&nbsp;pi\u00f9 rigido della sospensione, operando la miscelazione con la gradazione pi\u00f9 viscosa. Scheda tecnica Scheda tecnica F.A. Scheda sicurezza Scheda sicurezza F.A.(SAE 5W) Scheda sicurezza F.A.(SAE 20W) Scheda sicurezza F.A. (SAE 10W) Scheda sicurezza F.A. (SAE 15W))<\/p>\n","protected":false},"author":5,"featured_media":0,"parent":7694,"menu_order":0,"comment_status":"closed","ping_status":"closed","template":"","meta":{"_acf_changed":false,"site-sidebar-layout":"no-sidebar","site-content-layout":"page-builder","ast-site-content-layout":"default","site-content-style":"default","site-sidebar-style":"default","ast-global-header-display":"","ast-banner-title-visibility":"","ast-main-header-display":"","ast-hfb-above-header-display":"","ast-hfb-below-header-display":"","ast-hfb-mobile-header-display":"","site-post-title":"disabled","ast-breadcrumbs-content":"","ast-featured-img":"disabled","footer-sml-layout":"","ast-disable-related-posts":"","theme-transparent-header-meta":"","adv-header-id-meta":"","stick-header-meta":"","header-above-stick-meta":"","header-main-stick-meta":"","header-below-stick-meta":"","astra-migrate-meta-layouts":"default","ast-page-background-enabled":"default","ast-page-background-meta":{"desktop":{"background-color":"var(--ast-global-color-4)","background-image":"","background-repeat":"repeat","background-position":"center center","background-size":"auto","background-attachment":"scroll","background-type":"","background-media":"","overlay-type":"","overlay-color":"","overlay-opacity":"","overlay-gradient":""},"tablet":{"background-color":"","background-image":"","background-repeat":"repeat","background-position":"center center","background-size":"auto","background-attachment":"scroll","background-type":"","background-media":"","overlay-type":"","overlay-color":"","overlay-opacity":"","overlay-gradient":""},"mobile":{"background-color":"","background-image":"","background-repeat":"repeat","background-position":"center center","background-size":"auto","background-attachment":"scroll","background-type":"","background-media":"","overlay-type":"","overlay-color":"","overlay-opacity":"","overlay-gradient":""}},"ast-content-background-meta":{"desktop":{"background-color":"var(--ast-global-color-5)","background-image":"","background-repeat":"repeat","background-position":"center center","background-size":"auto","background-attachment":"scroll","background-type":"","background-media":"","overlay-type":"","overlay-color":"","overlay-opacity":"","overlay-gradient":""},"tablet":{"background-color":"var(--ast-global-color-5)","background-image":"","background-repeat":"repeat","background-position":"center center","background-size":"auto","background-attachment":"scroll","background-type":"","background-media":"","overlay-type":"","overlay-color":"","overlay-opacity":"","overlay-gradient":""},"mobile":{"background-color":"var(--ast-global-color-5)","background-image":"","background-repeat":"repeat","background-position":"center center","background-size":"auto","background-attachment":"scroll","background-type":"","background-media":"","overlay-type":"","overlay-color":"","overlay-opacity":"","overlay-gradient":""}},"footnotes":""},"class_list":["post-8918","page","type-page","status-publish","hentry"],"acf":[],"yoast_head":"<!-- This site is optimized with the Yoast SEO plugin v27.0 - https:\/\/yoast.com\/product\/yoast-seo-wordpress\/ -->\n<title>IP F.A - IP Gruppo api<\/title>\n<meta name=\"description\" content=\"IP F.A - IP Gruppo api - IP F.A\" \/>\n<meta name=\"robots\" content=\"index, follow, max-snippet:-1, max-image-preview:large, max-video-preview:-1\" \/>\n<link rel=\"canonical\" href=\"https:\/\/ip.gruppoapi.com\/en\/products-and-services\/products\/lubricant\/ip-f-a\/\" \/>\n<meta property=\"og:locale\" content=\"en_US\" \/>\n<meta property=\"og:type\" content=\"article\" \/>\n<meta property=\"og:title\" content=\"IP F.A - IP Gruppo api\" \/>\n<meta property=\"og:description\" content=\"IP F.A - IP Gruppo api - IP F.A\" \/>\n<meta property=\"og:url\" content=\"https:\/\/ip.gruppoapi.com\/en\/products-and-services\/products\/lubricant\/ip-f-a\/\" \/>\n<meta property=\"og:site_name\" content=\"IP Gruppo api\" \/>\n<meta property=\"article:publisher\" content=\"https:\/\/www.facebook.com\/IPperlitalia\" \/>\n<meta property=\"article:modified_time\" content=\"2023-02-15T11:06:49+00:00\" \/>\n<meta property=\"og:image\" content=\"https:\/\/ip.gruppoapi.com\/wp-content\/uploads\/2022\/12\/Particolare_Logo_IP-scaled.jpg\" \/>\n\t<meta property=\"og:image:width\" content=\"2560\" \/>\n\t<meta property=\"og:image:height\" content=\"1709\" \/>\n\t<meta property=\"og:image:type\" content=\"image\/jpeg\" \/>\n<meta name=\"twitter:card\" content=\"summary_large_image\" \/>\n<meta name=\"twitter:site\" content=\"@gruppoapi\" \/>\n<meta name=\"twitter:label1\" content=\"Est. reading time\" \/>\n\t<meta name=\"twitter:data1\" content=\"1 minute\" \/>\n<script type=\"application\/ld+json\" class=\"yoast-schema-graph\">{\"@context\":\"https:\/\/schema.org\",\"@graph\":[{\"@type\":\"WebPage\",\"@id\":\"https:\/\/ip.gruppoapi.com\/en\/products-and-services\/products\/lubricant\/ip-f-a\/\",\"url\":\"https:\/\/ip.gruppoapi.com\/en\/products-and-services\/products\/lubricant\/ip-f-a\/\",\"name\":\"IP F.A - IP Gruppo api\",\"isPartOf\":{\"@id\":\"https:\/\/ip.gruppoapi.com\/en\/#website\"},\"datePublished\":\"2022-12-22T09:49:16+00:00\",\"dateModified\":\"2023-02-15T11:06:49+00:00\",\"description\":\"IP F.A - IP Gruppo api - IP F.A\",\"breadcrumb\":{\"@id\":\"https:\/\/ip.gruppoapi.com\/en\/products-and-services\/products\/lubricant\/ip-f-a\/#breadcrumb\"},\"inLanguage\":\"en-US\",\"potentialAction\":[{\"@type\":\"ReadAction\",\"target\":[\"https:\/\/ip.gruppoapi.com\/en\/products-and-services\/products\/lubricant\/ip-f-a\/\"]}]},{\"@type\":\"BreadcrumbList\",\"@id\":\"https:\/\/ip.gruppoapi.com\/en\/products-and-services\/products\/lubricant\/ip-f-a\/#breadcrumb\",\"itemListElement\":[{\"@type\":\"ListItem\",\"position\":1,\"name\":\"Home\",\"item\":\"https:\/\/ip.gruppoapi.com\/en\/\"},{\"@type\":\"ListItem\",\"position\":2,\"name\":\"Products and services\",\"item\":\"https:\/\/ip.gruppoapi.com\/en\/prodotti-e-servizi\/\"},{\"@type\":\"ListItem\",\"position\":3,\"name\":\"Products\",\"item\":\"https:\/\/ip.gruppoapi.com\/en\/prodotti-e-servizi\/prodotti\/\"},{\"@type\":\"ListItem\",\"position\":4,\"name\":\"Engine lubricant oils\",\"item\":\"https:\/\/ip.gruppoapi.com\/en\/prodotti-e-servizi\/prodotti\/oli-lubrificanti\/\"},{\"@type\":\"ListItem\",\"position\":5,\"name\":\"IP F.A\"}]},{\"@type\":\"WebSite\",\"@id\":\"https:\/\/ip.gruppoapi.com\/en\/#website\",\"url\":\"https:\/\/ip.gruppoapi.com\/en\/\",\"name\":\"IP Gruppo api\",\"description\":\"IP Gruppo api, un partner per la mobilit\u00e0 di tutti gli italiani\",\"publisher\":{\"@id\":\"https:\/\/ip.gruppoapi.com\/en\/#organization\"},\"potentialAction\":[{\"@type\":\"SearchAction\",\"target\":{\"@type\":\"EntryPoint\",\"urlTemplate\":\"https:\/\/ip.gruppoapi.com\/en\/?s={search_term_string}\"},\"query-input\":{\"@type\":\"PropertyValueSpecification\",\"valueRequired\":true,\"valueName\":\"search_term_string\"}}],\"inLanguage\":\"en-US\"},{\"@type\":\"Organization\",\"@id\":\"https:\/\/ip.gruppoapi.com\/en\/#organization\",\"name\":\"Gruppo api IP\",\"url\":\"https:\/\/ip.gruppoapi.com\/en\/\",\"logo\":{\"@type\":\"ImageObject\",\"inLanguage\":\"en-US\",\"@id\":\"https:\/\/ip.gruppoapi.com\/en\/#\/schema\/logo\/image\/\",\"url\":\"https:\/\/ip.gruppoapi.com\/wp-content\/uploads\/2022\/12\/logo-gruppo-api-ip-black@2x.png\",\"contentUrl\":\"https:\/\/ip.gruppoapi.com\/wp-content\/uploads\/2022\/12\/logo-gruppo-api-ip-black@2x.png\",\"width\":394,\"height\":114,\"caption\":\"Gruppo api IP\"},\"image\":{\"@id\":\"https:\/\/ip.gruppoapi.com\/en\/#\/schema\/logo\/image\/\"},\"sameAs\":[\"https:\/\/www.facebook.com\/IPperlitalia\",\"https:\/\/x.com\/gruppoapi\",\"https:\/\/www.youtube.com\/channel\/UCqUQvZiwu6-qRd8QQihmhFQ\",\"https:\/\/www.linkedin.com\/company\/gruppoapi\",\"https:\/\/www.instagram.com\/ip_gruppoapi\"]}]}<\/script>\n<!-- \/ Yoast SEO plugin. -->","yoast_head_json":{"title":"IP F.A - IP Gruppo api","description":"IP F.A - IP Gruppo api - IP F.A","robots":{"index":"index","follow":"follow","max-snippet":"max-snippet:-1","max-image-preview":"max-image-preview:large","max-video-preview":"max-video-preview:-1"},"canonical":"https:\/\/ip.gruppoapi.com\/en\/products-and-services\/products\/lubricant\/ip-f-a\/","og_locale":"en_US","og_type":"article","og_title":"IP F.A - IP Gruppo api","og_description":"IP F.A - IP Gruppo api - IP F.A","og_url":"https:\/\/ip.gruppoapi.com\/en\/products-and-services\/products\/lubricant\/ip-f-a\/","og_site_name":"IP Gruppo api","article_publisher":"https:\/\/www.facebook.com\/IPperlitalia","article_modified_time":"2023-02-15T11:06:49+00:00","og_image":[{"width":2560,"height":1709,"url":"https:\/\/ip.gruppoapi.com\/wp-content\/uploads\/2022\/12\/Particolare_Logo_IP-scaled.jpg","type":"image\/jpeg"}],"twitter_card":"summary_large_image","twitter_site":"@gruppoapi","twitter_misc":{"Est. reading time":"1 minute"},"schema":{"@context":"https:\/\/schema.org","@graph":[{"@type":"WebPage","@id":"https:\/\/ip.gruppoapi.com\/en\/products-and-services\/products\/lubricant\/ip-f-a\/","url":"https:\/\/ip.gruppoapi.com\/en\/products-and-services\/products\/lubricant\/ip-f-a\/","name":"IP F.A - IP Gruppo api","isPartOf":{"@id":"https:\/\/ip.gruppoapi.com\/en\/#website"},"datePublished":"2022-12-22T09:49:16+00:00","dateModified":"2023-02-15T11:06:49+00:00","description":"IP F.A - IP Gruppo api - IP F.A","breadcrumb":{"@id":"https:\/\/ip.gruppoapi.com\/en\/products-and-services\/products\/lubricant\/ip-f-a\/#breadcrumb"},"inLanguage":"en-US","potentialAction":[{"@type":"ReadAction","target":["https:\/\/ip.gruppoapi.com\/en\/products-and-services\/products\/lubricant\/ip-f-a\/"]}]},{"@type":"BreadcrumbList","@id":"https:\/\/ip.gruppoapi.com\/en\/products-and-services\/products\/lubricant\/ip-f-a\/#breadcrumb","itemListElement":[{"@type":"ListItem","position":1,"name":"Home","item":"https:\/\/ip.gruppoapi.com\/en\/"},{"@type":"ListItem","position":2,"name":"Products and services","item":"https:\/\/ip.gruppoapi.com\/en\/prodotti-e-servizi\/"},{"@type":"ListItem","position":3,"name":"Products","item":"https:\/\/ip.gruppoapi.com\/en\/prodotti-e-servizi\/prodotti\/"},{"@type":"ListItem","position":4,"name":"Engine lubricant oils","item":"https:\/\/ip.gruppoapi.com\/en\/prodotti-e-servizi\/prodotti\/oli-lubrificanti\/"},{"@type":"ListItem","position":5,"name":"IP F.A"}]},{"@type":"WebSite","@id":"https:\/\/ip.gruppoapi.com\/en\/#website","url":"https:\/\/ip.gruppoapi.com\/en\/","name":"IP Gruppo api","description":"IP Gruppo api, un partner per la mobilit\u00e0 di tutti gli italiani","publisher":{"@id":"https:\/\/ip.gruppoapi.com\/en\/#organization"},"potentialAction":[{"@type":"SearchAction","target":{"@type":"EntryPoint","urlTemplate":"https:\/\/ip.gruppoapi.com\/en\/?s={search_term_string}"},"query-input":{"@type":"PropertyValueSpecification","valueRequired":true,"valueName":"search_term_string"}}],"inLanguage":"en-US"},{"@type":"Organization","@id":"https:\/\/ip.gruppoapi.com\/en\/#organization","name":"Gruppo api IP","url":"https:\/\/ip.gruppoapi.com\/en\/","logo":{"@type":"ImageObject","inLanguage":"en-US","@id":"https:\/\/ip.gruppoapi.com\/en\/#\/schema\/logo\/image\/","url":"https:\/\/ip.gruppoapi.com\/wp-content\/uploads\/2022\/12\/logo-gruppo-api-ip-black@2x.png","contentUrl":"https:\/\/ip.gruppoapi.com\/wp-content\/uploads\/2022\/12\/logo-gruppo-api-ip-black@2x.png","width":394,"height":114,"caption":"Gruppo api IP"},"image":{"@id":"https:\/\/ip.gruppoapi.com\/en\/#\/schema\/logo\/image\/"},"sameAs":["https:\/\/www.facebook.com\/IPperlitalia","https:\/\/x.com\/gruppoapi","https:\/\/www.youtube.com\/channel\/UCqUQvZiwu6-qRd8QQihmhFQ","https:\/\/www.linkedin.com\/company\/gruppoapi","https:\/\/www.instagram.com\/ip_gruppoapi"]}]}},"_links":{"self":[{"href":"https:\/\/ip.gruppoapi.com\/en\/wp-json\/wp\/v2\/pages\/8918","targetHints":{"allow":["GET"]}}],"collection":[{"href":"https:\/\/ip.gruppoapi.com\/en\/wp-json\/wp\/v2\/pages"}],"about":[{"href":"https:\/\/ip.gruppoapi.com\/en\/wp-json\/wp\/v2\/types\/page"}],"author":[{"embeddable":true,"href":"https:\/\/ip.gruppoapi.com\/en\/wp-json\/wp\/v2\/users\/5"}],"replies":[{"embeddable":true,"href":"https:\/\/ip.gruppoapi.com\/en\/wp-json\/wp\/v2\/comments?post=8918"}],"version-history":[{"count":2,"href":"https:\/\/ip.gruppoapi.com\/en\/wp-json\/wp\/v2\/pages\/8918\/revisions"}],"predecessor-version":[{"id":12569,"href":"https:\/\/ip.gruppoapi.com\/en\/wp-json\/wp\/v2\/pages\/8918\/revisions\/12569"}],"up":[{"embeddable":true,"href":"https:\/\/ip.gruppoapi.com\/en\/wp-json\/wp\/v2\/pages\/7694"}],"wp:attachment":[{"href":"https:\/\/ip.gruppoapi.com\/en\/wp-json\/wp\/v2\/media?parent=8918"}],"curies":[{"name":"wp","href":"https:\/\/api.w.org\/{rel}","templated":true}]}}